{"id":9943,"date":"2026-04-30T10:00:45","date_gmt":"2026-04-30T14:00:45","guid":{"rendered":"https:\/\/georgiaaccess.gov\/acuerdos-de-reembolso-de-salud-de-cobertura-individual-ichra\/"},"modified":"2026-04-30T23:55:55","modified_gmt":"2026-05-01T03:55:55","slug":"acuerdos-de-reembolso-de-salud-de-cobertura-individual","status":"publish","type":"page","link":"https:\/\/georgiaaccessprodbeta.disclosuresai.com\/es\/acceso-a-georgia-para-negocios\/acuerdos-de-reembolso-de-salud-de-cobertura-individual\/","title":{"rendered":"Acuerdos de Reembolso de Salud de Cobertura Individual (ICHRA)"},"content":{"rendered":"\n<p>Un Acuerdo de Reembolso de Salud con Cobertura Individual (ICHRA) permite a los empleadores ofrecer un beneficio sanitario flexible y con ventajas fiscales que los empleados pueden utilizar para adquirir cobertura de seguro m\u00e9dico individual a trav\u00e9s de Georgia Access For Business. En lugar de ofrecer un plan de salud grupal tradicional, los empleadores contribuyen con una asignaci\u00f3n mensual definida que los empleados pueden aplicar para primas y otros gastos m\u00e9dicos cualificados. <\/p>\n\n<p>Los ICHRA permiten a los empleadores adoptar un enfoque de contribuci\u00f3n definida a los beneficios de salud, ofreciendo un mayor control sobre el presupuesto y la estrategia de contribuci\u00f3n, mientras desplazan las responsabilidades administrativas del dise\u00f1o del plan hacia la elegibilidad, la financiaci\u00f3n y la comunicaci\u00f3n relacionada con los beneficios.<\/p>\n\n<h2 class=\"wp-block-heading h2-heading\">C\u00f3mo funcionan los ICHRA<\/h2>\n\n<ul class=\"wp-block-list\">\n<li>Los empleadores fijan una cantidad mensual de contribuci\u00f3n para cada empleado elegible.<\/li>\n\n\n\n<li>Los empleados utilizan esos fondos para adquirir un seguro de salud individual.<\/li>\n\n\n\n<li>Las contribuciones tienen ventajas fiscales tanto para empleadores como para empleados.<\/li>\n\n\n\n<li>Los empleados deben mantener una cobertura individual de seguro m\u00e9dico para recibir reembolsos.<\/li>\n<\/ul>\n\n<h2 class=\"wp-block-heading h2-heading\"><strong>Flexibilidad del empleador<\/strong><\/h2>\n\n<p>Los empleadores pueden variar las cantidades de contribuci\u00f3n bas\u00e1ndose en:<\/p>\n\n<ul class=\"wp-block-list\">\n<li>Edad del empleador<\/li>\n\n\n\n<li>Ubicaci\u00f3n del empleado<\/li>\n\n\n\n<li>Clases de empleados definidas por el IRS<\/li>\n\n\n\n<li>Otros factores permitidos por las normas federales<\/li>\n<\/ul>\n\n<p>No hay <strong>un l\u00edmite federal<\/strong> para las contribuciones de los empleadores. Sin embargo, los empleadores deben ofrecer una contribuci\u00f3n que cumpla con los est\u00e1ndares de asequibilidad del IRS si la ICHRA pretende cumplir con los requisitos del mandato del empleador. <\/p>\n\n<h2 class=\"wp-block-heading h2-heading\"><strong>Por qu\u00e9 los empleadores eligen los ICHRAs<\/strong><\/h2>\n\n<p>Las ICHRA ofrecen:<\/p>\n\n<ul class=\"wp-block-list\">\n<li>Costes predecibles para el empleador<\/li>\n\n\n\n<li>Menor carga administrativa<\/li>\n\n\n\n<li>Amplia flexibilidad en el dise\u00f1o de planos<\/li>\n\n\n\n<li>Elecci\u00f3n y portabilidad del empleado<\/li>\n\n\n\n<li>Compatibilidad con una amplia variedad de estructuras laborales<\/li>\n<\/ul>\n\n<p>Los ICHRA se han convertido en la opci\u00f3n preferida por muchos empleadores peque\u00f1os y medianos porque combinan el control de costes con una elecci\u00f3n significativa para los empleados.<\/p>\n\n<h2 class=\"wp-block-heading h2-heading\">Diferencias clave entre la ICHRA y las QSEHRA<\/h2>\n\n<figure class=\"wp-block-table small-business-comparison-table\"><table><thead><tr><th class=\"has-text-align-center\" data-align=\"center\">Caracter\u00edstica<\/th><th class=\"has-text-align-center\" data-align=\"center\">ICHRA<\/th><th class=\"has-text-align-center\" data-align=\"center\">QSEHRA<\/th><\/tr><\/thead><tbody><tr><td class=\"has-text-align-center\" data-align=\"center\">L\u00edmite de tama\u00f1o del empleador<\/td><td class=\"has-text-align-center\" data-align=\"center\">Ninguno<\/td><td class=\"has-text-align-center\" data-align=\"center\">Menos de 50 FTEs<\/td><\/tr><tr><td class=\"has-text-align-center\" data-align=\"center\">L\u00edmites de contribuci\u00f3n<\/td><td class=\"has-text-align-center\" data-align=\"center\">Sin l\u00edmite federal<\/td><td class=\"has-text-align-center\" data-align=\"center\">M\u00e1ximos anuales fijados por el IRS<\/td><\/tr><tr><td class=\"has-text-align-center\" data-align=\"center\">Clases para empleados<\/td><td class=\"has-text-align-center\" data-align=\"center\">Permitido<\/td><td class=\"has-text-align-center\" data-align=\"center\">No permitido<\/td><\/tr><tr><td class=\"has-text-align-center\" data-align=\"center\">Coordinaci\u00f3n con los PTC<\/td><td class=\"has-text-align-center\" data-align=\"center\">No est\u00e1 permitido<\/td><td class=\"has-text-align-center\" data-align=\"center\">Permitido bajo ciertas condiciones<\/td><\/tr><tr><td class=\"has-text-align-center\" data-align=\"center\">Disponibilidad en GAFB<\/td><td class=\"has-text-align-center\" data-align=\"center\">Disponible en el lanzamiento<\/td><td class=\"has-text-align-center\" data-align=\"center\">Posiblemente llegar\u00e1 en una fase futura<\/td><\/tr><\/tbody><\/table><\/figure>\n\n<div style=\"height:48px\" aria-hidden=\"true\" class=\"wp-block-spacer\"><\/div>\n\n<p><\/p>\n","protected":false},"excerpt":{"rendered":"<p>Un Acuerdo de Reembolso de Salud con Cobertura Individual (ICHRA) permite a los empleadores ofrecer un beneficio sanitario flexible y con ventajas fiscales que los empleados pueden utilizar para adquirir cobertura de seguro m\u00e9dico individual a trav\u00e9s de Georgia Access For Business. En lugar de ofrecer un plan de salud grupal tradicional, los empleadores contribuyen [&hellip;]<\/p>\n","protected":false},"author":23,"featured_media":6619,"parent":9314,"menu_order":0,"comment_status":"closed","ping_status":"closed","template":"sidebar-menu-template.php","meta":{"_acf_changed":false,"inline_featured_image":false,"_uag_custom_page_level_css":"","site-sidebar-layout":"default","site-content-layout":"","ast-site-content-layout":"default","site-content-style":"default","site-sidebar-style":"default","ast-global-header-display":"","ast-banner-title-visibility":"","ast-main-header-display":"","ast-hfb-above-header-display":"","ast-hfb-below-header-display":"","ast-hfb-mobile-header-display":"","site-post-title":"","ast-breadcrumbs-content":"","ast-featured-img":"disabled","footer-sml-layout":"","ast-disable-related-posts":"","theme-transparent-header-meta":"","adv-header-id-meta":"","stick-header-meta":"","header-above-stick-meta":"","header-main-stick-meta":"","header-below-stick-meta":"","astra-migrate-meta-layouts":"set","ast-page-background-enabled":"default","ast-page-background-meta":{"desktop":{"background-color":"var(--ast-global-color-4)","background-image":"","background-repeat":"repeat","background-position":"center center","background-size":"auto","background-attachment":"scroll","background-type":"","background-media":"","overlay-type":"","overlay-color":"","overlay-opacity":"","overlay-gradient":""},"tablet":{"background-color":"","background-image":"","background-repeat":"repeat","background-position":"center center","background-size":"auto","background-attachment":"scroll","background-type":"","background-media":"","overlay-type":"","overlay-color":"","overlay-opacity":"","overlay-gradient":""},"mobile":{"background-color":"","background-image":"","background-repeat":"repeat","background-position":"center center","background-size":"auto","background-attachment":"scroll","background-type":"","background-media":"","overlay-type":"","overlay-color":"","overlay-opacity":"","overlay-gradient":""}},"ast-content-background-meta":{"desktop":{"background-color":"var(--ast-global-color-5)","background-image":"","background-repeat":"repeat","background-position":"center center","background-size":"auto","background-attachment":"scroll","background-type":"","background-media":"","overlay-type":"","overlay-color":"","overlay-opacity":"","overlay-gradient":""},"tablet":{"background-color":"var(--ast-global-color-5)","background-image":"","background-repeat":"repeat","background-position":"center center","background-size":"auto","background-attachment":"scroll","background-type":"","background-media":"","overlay-type":"","overlay-color":"","overlay-opacity":"","overlay-gradient":""},"mobile":{"background-color":"var(--ast-global-color-5)","background-image":"","background-repeat":"repeat","background-position":"center center","background-size":"auto","background-attachment":"scroll","background-type":"","background-media":"","overlay-type":"","overlay-color":"","overlay-opacity":"","overlay-gradient":""}},"footnotes":""},"class_list":["post-9943","page","type-page","status-publish","has-post-thumbnail","hentry"],"acf":[],"yoast_head":"<!-- This site is optimized with the Yoast SEO plugin v26.8 - https:\/\/yoast.com\/product\/yoast-seo-wordpress\/ -->\n<title>Acuerdos de Reembolso de Salud de Cobertura Individual (ICHRA) | Georgia Access<\/title>\n<meta name=\"description\" content=\"Descubre c\u00f3mo una ICHRA ayuda a los empleadores de Georgia a ofrecer beneficios sanitarios flexibles y con ventajas fiscales mediante contribuciones mensuales definidas a trav\u00e9s de Georgia Access For Business.\" \/>\n<meta name=\"robots\" content=\"index, follow, max-snippet:-1, max-image-preview:large, max-video-preview:-1\" \/>\n<link rel=\"canonical\" href=\"https:\/\/georgiaaccessprodbeta.disclosuresai.com\/es\/acceso-a-georgia-para-negocios\/acuerdos-de-reembolso-de-salud-de-cobertura-individual\/\" \/>\n<meta property=\"og:locale\" content=\"es_ES\" \/>\n<meta property=\"og:type\" content=\"article\" \/>\n<meta property=\"og:title\" content=\"Acuerdos de Reembolso de Salud de Cobertura Individual (ICHRA) | Georgia Access\" \/>\n<meta property=\"og:description\" content=\"Descubre c\u00f3mo una ICHRA ayuda a los empleadores de Georgia a ofrecer beneficios sanitarios flexibles y con ventajas fiscales mediante contribuciones mensuales definidas a trav\u00e9s de Georgia Access For Business.\" \/>\n<meta property=\"og:url\" content=\"https:\/\/georgiaaccessprodbeta.disclosuresai.com\/es\/acceso-a-georgia-para-negocios\/acuerdos-de-reembolso-de-salud-de-cobertura-individual\/\" \/>\n<meta property=\"og:site_name\" content=\"Georgia Access\" \/>\n<meta property=\"article:modified_time\" content=\"2026-05-01T03:55:55+00:00\" \/>\n<meta property=\"og:image\" content=\"https:\/\/georgiaaccess.gov\/wp-content\/uploads\/2025\/09\/small-businesses-header-scaled.jpg\" \/>\n\t<meta property=\"og:image:width\" content=\"2560\" \/>\n\t<meta property=\"og:image:height\" content=\"356\" \/>\n\t<meta property=\"og:image:type\" content=\"image\/jpeg\" \/>\n<meta name=\"twitter:card\" content=\"summary_large_image\" \/>\n<meta name=\"twitter:label1\" content=\"Tiempo de lectura\" \/>\n\t<meta name=\"twitter:data1\" content=\"2 minutos\" \/>\n<script type=\"application\/ld+json\" class=\"yoast-schema-graph\">{\"@context\":\"https:\/\/schema.org\",\"@graph\":[{\"@type\":\"WebPage\",\"@id\":\"https:\/\/georgiaaccessprodbeta.disclosuresai.com\/es\/acceso-a-georgia-para-negocios\/acuerdos-de-reembolso-de-salud-de-cobertura-individual\/\",\"url\":\"https:\/\/georgiaaccessprodbeta.disclosuresai.com\/es\/acceso-a-georgia-para-negocios\/acuerdos-de-reembolso-de-salud-de-cobertura-individual\/\",\"name\":\"Acuerdos de Reembolso de Salud de Cobertura Individual (ICHRA) | Georgia Access\",\"isPartOf\":{\"@id\":\"https:\/\/georgiaaccess.gov\/#website\"},\"primaryImageOfPage\":{\"@id\":\"https:\/\/georgiaaccessprodbeta.disclosuresai.com\/es\/acceso-a-georgia-para-negocios\/acuerdos-de-reembolso-de-salud-de-cobertura-individual\/#primaryimage\"},\"image\":{\"@id\":\"https:\/\/georgiaaccessprodbeta.disclosuresai.com\/es\/acceso-a-georgia-para-negocios\/acuerdos-de-reembolso-de-salud-de-cobertura-individual\/#primaryimage\"},\"thumbnailUrl\":\"https:\/\/georgiaaccessprodbeta.disclosuresai.com\/wp-content\/uploads\/2025\/09\/small-businesses-header-scaled.jpg\",\"datePublished\":\"2026-04-30T14:00:45+00:00\",\"dateModified\":\"2026-05-01T03:55:55+00:00\",\"description\":\"Descubre c\u00f3mo una ICHRA ayuda a los empleadores de Georgia a ofrecer beneficios sanitarios flexibles y con ventajas fiscales mediante contribuciones mensuales definidas a trav\u00e9s de Georgia Access For Business.\",\"breadcrumb\":{\"@id\":\"https:\/\/georgiaaccessprodbeta.disclosuresai.com\/es\/acceso-a-georgia-para-negocios\/acuerdos-de-reembolso-de-salud-de-cobertura-individual\/#breadcrumb\"},\"inLanguage\":\"es\",\"potentialAction\":[{\"@type\":\"ReadAction\",\"target\":[\"https:\/\/georgiaaccessprodbeta.disclosuresai.com\/es\/acceso-a-georgia-para-negocios\/acuerdos-de-reembolso-de-salud-de-cobertura-individual\/\"]}]},{\"@type\":\"ImageObject\",\"inLanguage\":\"es\",\"@id\":\"https:\/\/georgiaaccessprodbeta.disclosuresai.com\/es\/acceso-a-georgia-para-negocios\/acuerdos-de-reembolso-de-salud-de-cobertura-individual\/#primaryimage\",\"url\":\"https:\/\/georgiaaccessprodbeta.disclosuresai.com\/wp-content\/uploads\/2025\/09\/small-businesses-header-scaled.jpg\",\"contentUrl\":\"https:\/\/georgiaaccessprodbeta.disclosuresai.com\/wp-content\/uploads\/2025\/09\/small-businesses-header-scaled.jpg\",\"width\":2560,\"height\":356,\"caption\":\"A man and woman smile while working at a small business.\"},{\"@type\":\"BreadcrumbList\",\"@id\":\"https:\/\/georgiaaccessprodbeta.disclosuresai.com\/es\/acceso-a-georgia-para-negocios\/acuerdos-de-reembolso-de-salud-de-cobertura-individual\/#breadcrumb\",\"itemListElement\":[{\"@type\":\"ListItem\",\"position\":1,\"name\":\"Home\",\"item\":\"https:\/\/georgiaaccess.gov\/es\/\"},{\"@type\":\"ListItem\",\"position\":2,\"name\":\"Acuerdos de Reembolso de Salud de Cobertura Individual (ICHRA)\"}]},{\"@type\":\"WebSite\",\"@id\":\"https:\/\/georgiaaccess.gov\/#website\",\"url\":\"https:\/\/georgiaaccess.gov\/\",\"name\":\"Georgia Access\",\"description\":\"\",\"publisher\":{\"@id\":\"https:\/\/georgiaaccess.gov\/#organization\"},\"potentialAction\":[{\"@type\":\"SearchAction\",\"target\":{\"@type\":\"EntryPoint\",\"urlTemplate\":\"https:\/\/georgiaaccess.gov\/?s={search_term_string}\"},\"query-input\":{\"@type\":\"PropertyValueSpecification\",\"valueRequired\":true,\"valueName\":\"search_term_string\"}}],\"inLanguage\":\"es\"},{\"@type\":\"Organization\",\"@id\":\"https:\/\/georgiaaccess.gov\/#organization\",\"name\":\"Georgia Access\",\"url\":\"https:\/\/georgiaaccess.gov\/\",\"logo\":{\"@type\":\"ImageObject\",\"inLanguage\":\"es\",\"@id\":\"https:\/\/georgiaaccess.gov\/#\/schema\/logo\/image\/\",\"url\":\"https:\/\/georgiaaccessprodbeta.disclosuresai.com\/wp-content\/uploads\/2022\/10\/georgia-access-logo-stacked.svg\",\"contentUrl\":\"https:\/\/georgiaaccessprodbeta.disclosuresai.com\/wp-content\/uploads\/2022\/10\/georgia-access-logo-stacked.svg\",\"width\":180,\"height\":56,\"caption\":\"Georgia Access\"},\"image\":{\"@id\":\"https:\/\/georgiaaccess.gov\/#\/schema\/logo\/image\/\"}}]}<\/script>\n<!-- \/ Yoast SEO plugin. -->","yoast_head_json":{"title":"Acuerdos de Reembolso de Salud de Cobertura Individual (ICHRA) | Georgia Access","description":"Descubre c\u00f3mo una ICHRA ayuda a los empleadores de Georgia a ofrecer beneficios sanitarios flexibles y con ventajas fiscales mediante contribuciones mensuales definidas a trav\u00e9s de Georgia Access For Business.","robots":{"index":"index","follow":"follow","max-snippet":"max-snippet:-1","max-image-preview":"max-image-preview:large","max-video-preview":"max-video-preview:-1"},"canonical":"https:\/\/georgiaaccessprodbeta.disclosuresai.com\/es\/acceso-a-georgia-para-negocios\/acuerdos-de-reembolso-de-salud-de-cobertura-individual\/","og_locale":"es_ES","og_type":"article","og_title":"Acuerdos de Reembolso de Salud de Cobertura Individual (ICHRA) | Georgia Access","og_description":"Descubre c\u00f3mo una ICHRA ayuda a los empleadores de Georgia a ofrecer beneficios sanitarios flexibles y con ventajas fiscales mediante contribuciones mensuales definidas a trav\u00e9s de Georgia Access For Business.","og_url":"https:\/\/georgiaaccessprodbeta.disclosuresai.com\/es\/acceso-a-georgia-para-negocios\/acuerdos-de-reembolso-de-salud-de-cobertura-individual\/","og_site_name":"Georgia Access","article_modified_time":"2026-05-01T03:55:55+00:00","og_image":[{"width":2560,"height":356,"url":"https:\/\/georgiaaccess.gov\/wp-content\/uploads\/2025\/09\/small-businesses-header-scaled.jpg","type":"image\/jpeg"}],"twitter_card":"summary_large_image","twitter_misc":{"Tiempo de lectura":"2 minutos"},"schema":{"@context":"https:\/\/schema.org","@graph":[{"@type":"WebPage","@id":"https:\/\/georgiaaccessprodbeta.disclosuresai.com\/es\/acceso-a-georgia-para-negocios\/acuerdos-de-reembolso-de-salud-de-cobertura-individual\/","url":"https:\/\/georgiaaccessprodbeta.disclosuresai.com\/es\/acceso-a-georgia-para-negocios\/acuerdos-de-reembolso-de-salud-de-cobertura-individual\/","name":"Acuerdos de Reembolso de Salud de Cobertura Individual (ICHRA) | Georgia Access","isPartOf":{"@id":"https:\/\/georgiaaccess.gov\/#website"},"primaryImageOfPage":{"@id":"https:\/\/georgiaaccessprodbeta.disclosuresai.com\/es\/acceso-a-georgia-para-negocios\/acuerdos-de-reembolso-de-salud-de-cobertura-individual\/#primaryimage"},"image":{"@id":"https:\/\/georgiaaccessprodbeta.disclosuresai.com\/es\/acceso-a-georgia-para-negocios\/acuerdos-de-reembolso-de-salud-de-cobertura-individual\/#primaryimage"},"thumbnailUrl":"https:\/\/georgiaaccessprodbeta.disclosuresai.com\/wp-content\/uploads\/2025\/09\/small-businesses-header-scaled.jpg","datePublished":"2026-04-30T14:00:45+00:00","dateModified":"2026-05-01T03:55:55+00:00","description":"Descubre c\u00f3mo una ICHRA ayuda a los empleadores de Georgia a ofrecer beneficios sanitarios flexibles y con ventajas fiscales mediante contribuciones mensuales definidas a trav\u00e9s de Georgia Access For Business.","breadcrumb":{"@id":"https:\/\/georgiaaccessprodbeta.disclosuresai.com\/es\/acceso-a-georgia-para-negocios\/acuerdos-de-reembolso-de-salud-de-cobertura-individual\/#breadcrumb"},"inLanguage":"es","potentialAction":[{"@type":"ReadAction","target":["https:\/\/georgiaaccessprodbeta.disclosuresai.com\/es\/acceso-a-georgia-para-negocios\/acuerdos-de-reembolso-de-salud-de-cobertura-individual\/"]}]},{"@type":"ImageObject","inLanguage":"es","@id":"https:\/\/georgiaaccessprodbeta.disclosuresai.com\/es\/acceso-a-georgia-para-negocios\/acuerdos-de-reembolso-de-salud-de-cobertura-individual\/#primaryimage","url":"https:\/\/georgiaaccessprodbeta.disclosuresai.com\/wp-content\/uploads\/2025\/09\/small-businesses-header-scaled.jpg","contentUrl":"https:\/\/georgiaaccessprodbeta.disclosuresai.com\/wp-content\/uploads\/2025\/09\/small-businesses-header-scaled.jpg","width":2560,"height":356,"caption":"A man and woman smile while working at a small business."},{"@type":"BreadcrumbList","@id":"https:\/\/georgiaaccessprodbeta.disclosuresai.com\/es\/acceso-a-georgia-para-negocios\/acuerdos-de-reembolso-de-salud-de-cobertura-individual\/#breadcrumb","itemListElement":[{"@type":"ListItem","position":1,"name":"Home","item":"https:\/\/georgiaaccess.gov\/es\/"},{"@type":"ListItem","position":2,"name":"Acuerdos de Reembolso de Salud de Cobertura Individual (ICHRA)"}]},{"@type":"WebSite","@id":"https:\/\/georgiaaccess.gov\/#website","url":"https:\/\/georgiaaccess.gov\/","name":"Georgia Access","description":"","publisher":{"@id":"https:\/\/georgiaaccess.gov\/#organization"},"potentialAction":[{"@type":"SearchAction","target":{"@type":"EntryPoint","urlTemplate":"https:\/\/georgiaaccess.gov\/?s={search_term_string}"},"query-input":{"@type":"PropertyValueSpecification","valueRequired":true,"valueName":"search_term_string"}}],"inLanguage":"es"},{"@type":"Organization","@id":"https:\/\/georgiaaccess.gov\/#organization","name":"Georgia Access","url":"https:\/\/georgiaaccess.gov\/","logo":{"@type":"ImageObject","inLanguage":"es","@id":"https:\/\/georgiaaccess.gov\/#\/schema\/logo\/image\/","url":"https:\/\/georgiaaccessprodbeta.disclosuresai.com\/wp-content\/uploads\/2022\/10\/georgia-access-logo-stacked.svg","contentUrl":"https:\/\/georgiaaccessprodbeta.disclosuresai.com\/wp-content\/uploads\/2022\/10\/georgia-access-logo-stacked.svg","width":180,"height":56,"caption":"Georgia Access"},"image":{"@id":"https:\/\/georgiaaccess.gov\/#\/schema\/logo\/image\/"}}]}},"uagb_featured_image_src":{"full":["https:\/\/georgiaaccessprodbeta.disclosuresai.com\/wp-content\/uploads\/2025\/09\/small-businesses-header-scaled.jpg",2560,356,false],"thumbnail":["https:\/\/georgiaaccessprodbeta.disclosuresai.com\/wp-content\/uploads\/2025\/09\/small-businesses-header-150x150.jpg",150,150,true],"medium":["https:\/\/georgiaaccessprodbeta.disclosuresai.com\/wp-content\/uploads\/2025\/09\/small-businesses-header-300x42.jpg",300,42,true],"medium_large":["https:\/\/georgiaaccessprodbeta.disclosuresai.com\/wp-content\/uploads\/2025\/09\/small-businesses-header-768x107.jpg",768,107,true],"large":["https:\/\/georgiaaccessprodbeta.disclosuresai.com\/wp-content\/uploads\/2025\/09\/small-businesses-header-1024x142.jpg",1024,142,true],"1536x1536":["https:\/\/georgiaaccessprodbeta.disclosuresai.com\/wp-content\/uploads\/2025\/09\/small-businesses-header-1536x213.jpg",1536,213,true],"2048x2048":["https:\/\/georgiaaccessprodbeta.disclosuresai.com\/wp-content\/uploads\/2025\/09\/small-businesses-header-2048x284.jpg",2048,284,true]},"uagb_author_info":{"display_name":"Wenmin Chen","author_link":"https:\/\/georgiaaccessprodbeta.disclosuresai.com\/es\/author\/wenminc\/"},"uagb_comment_info":0,"uagb_excerpt":"Un Acuerdo de Reembolso de Salud con Cobertura Individual (ICHRA) permite a los empleadores ofrecer un beneficio sanitario flexible y con ventajas fiscales que los empleados pueden utilizar para adquirir cobertura de seguro m\u00e9dico individual a trav\u00e9s de Georgia Access For Business. En lugar de ofrecer un plan de salud grupal tradicional, los empleadores contribuyen&hellip;","_links":{"self":[{"href":"https:\/\/georgiaaccessprodbeta.disclosuresai.com\/es\/wp-json\/wp\/v2\/pages\/9943","targetHints":{"allow":["GET"]}}],"collection":[{"href":"https:\/\/georgiaaccessprodbeta.disclosuresai.com\/es\/wp-json\/wp\/v2\/pages"}],"about":[{"href":"https:\/\/georgiaaccessprodbeta.disclosuresai.com\/es\/wp-json\/wp\/v2\/types\/page"}],"author":[{"embeddable":true,"href":"https:\/\/georgiaaccessprodbeta.disclosuresai.com\/es\/wp-json\/wp\/v2\/users\/23"}],"replies":[{"embeddable":true,"href":"https:\/\/georgiaaccessprodbeta.disclosuresai.com\/es\/wp-json\/wp\/v2\/comments?post=9943"}],"version-history":[{"count":4,"href":"https:\/\/georgiaaccessprodbeta.disclosuresai.com\/es\/wp-json\/wp\/v2\/pages\/9943\/revisions"}],"predecessor-version":[{"id":9954,"href":"https:\/\/georgiaaccessprodbeta.disclosuresai.com\/es\/wp-json\/wp\/v2\/pages\/9943\/revisions\/9954"}],"up":[{"embeddable":true,"href":"https:\/\/georgiaaccessprodbeta.disclosuresai.com\/es\/wp-json\/wp\/v2\/pages\/9314"}],"wp:featuredmedia":[{"embeddable":true,"href":"https:\/\/georgiaaccessprodbeta.disclosuresai.com\/es\/wp-json\/wp\/v2\/media\/6619"}],"wp:attachment":[{"href":"https:\/\/georgiaaccessprodbeta.disclosuresai.com\/es\/wp-json\/wp\/v2\/media?parent=9943"}],"curies":[{"name":"wp","href":"https:\/\/api.w.org\/{rel}","templated":true}]}}