{"id":8017,"date":"2025-09-26T11:22:02","date_gmt":"2025-09-26T15:22:02","guid":{"rendered":"https:\/\/georgiaaccess.gov\/?page_id=8017"},"modified":"2026-05-01T00:38:26","modified_gmt":"2026-05-01T04:38:26","slug":"programa-de-opciones-de-salud-para-pequenas-empresas","status":"publish","type":"page","link":"https:\/\/georgiaaccessprodbeta.disclosuresai.com\/es\/acceso-a-georgia-para-negocios\/programa-de-opciones-de-salud-para-pequenas-empresas\/","title":{"rendered":"Programa de Opciones de Salud para Peque\u00f1as Empresas (SHOP)"},"content":{"rendered":"\n<p>Georgia Access ofrece el Programa de Opciones de Salud para Peque\u00f1as Empresas (SHOP) para peque\u00f1as empresas con hasta 50 empleados. Los planes SHOP son planes para grupos peque\u00f1os certificados por Georgia Access. <\/p>\n\n<p>Beneficio \u2013 Cuando las empresas ofrecen planes SHOP a sus empleados, pueden ser elegibles para el Cr\u00e9dito Fiscal Federal para Atenci\u00f3n Sanitaria para Peque\u00f1as Empresas durante hasta dos a\u00f1os consecutivos.<\/p>\n\n<h2 class=\"wp-block-heading h2-heading\"><strong>Elegibilidad del empleador para SHOP<\/strong><\/h2>\n\n<p>Para ser elegible para ofrecer planes SHOP, su empresa u organizaci\u00f3n debe tener un N\u00famero de Identificaci\u00f3n de Empleador (EIN) v\u00e1lido y:<\/p>\n\n<ul class=\"wp-block-list\">\n<li>Tener hasta 50 empleados a tiempo completo equivalente (FTE).<\/li>\n\n\n\n<li>Ofrecer cobertura a todos los empleados FTE.<\/li>\n\n\n\n<li>Inscribir al menos al 70% de los empleados FTE elegibles a quienes se les ofrece seguro y no est\u00e1n cubiertos de otra manera.<\/li>\n\n\n\n<li>Tener una oficina y\/o un lugar de trabajo para empleados en Georgia.<\/li>\n<\/ul>\n\n<h2 class=\"wp-block-heading h2-heading\"><strong>Elegibilidad del empleador para el Cr\u00e9dito Tributario Federal de Cuidado de Salud para Peque\u00f1as Empresas<\/strong><\/h2>\n\n<p>El Servicio de Impuestos Internos (IRS, por sus siglas en ingl\u00e9s) ofrece el Cr\u00e9dito Tributario por Cuidado de Salud para Peque\u00f1as Empresas a peque\u00f1as empresas con menos de 25 FTE que cumplan con ciertos requisitos. Visite el <a href=\"https:\/\/www.irs.gov\/affordable-care-act\/employers\/small-business-health-care-tax-credit-and-the-shop-marketplace\" target=\"_blank\" rel=\"noreferrer noopener\">sitio web del IRS<\/a> o comun\u00edquese con un profesional de impuestos para obtener m\u00e1s informaci\u00f3n. <\/p>\n\n<p>Si desea solicitar el Cr\u00e9dito Fiscal para Atenci\u00f3n Sanitaria para Peque\u00f1as Empresas, debe completar y presentar la Solicitud SHOP de Georgia Access para recibir una determinaci\u00f3n de elegibilidad de Georgia Access y presentar la solicitud ante la Agencia Tributaria.<\/p>\n\n<div style=\"height:72px\" aria-hidden=\"true\" class=\"wp-block-spacer\"><\/div>\n","protected":false},"excerpt":{"rendered":"<p>Georgia Access ofrece el Programa de Opciones de Salud para Peque\u00f1as Empresas (SHOP) para peque\u00f1as empresas con hasta 50 empleados. Los planes SHOP son planes para grupos peque\u00f1os certificados por Georgia Access. Beneficio \u2013 Cuando las empresas ofrecen planes SHOP a sus empleados, pueden ser elegibles para el Cr\u00e9dito Fiscal Federal para Atenci\u00f3n Sanitaria para [&hellip;]<\/p>\n","protected":false},"author":23,"featured_media":6619,"parent":9314,"menu_order":0,"comment_status":"closed","ping_status":"closed","template":"sidebar-menu-template.php","meta":{"_acf_changed":false,"inline_featured_image":false,"_uag_custom_page_level_css":"","site-sidebar-layout":"default","site-content-layout":"","ast-site-content-layout":"default","site-content-style":"default","site-sidebar-style":"default","ast-global-header-display":"","ast-banner-title-visibility":"","ast-main-header-display":"","ast-hfb-above-header-display":"","ast-hfb-below-header-display":"","ast-hfb-mobile-header-display":"","site-post-title":"","ast-breadcrumbs-content":"","ast-featured-img":"disabled","footer-sml-layout":"","ast-disable-related-posts":"","theme-transparent-header-meta":"","adv-header-id-meta":"","stick-header-meta":"","header-above-stick-meta":"","header-main-stick-meta":"","header-below-stick-meta":"","astra-migrate-meta-layouts":"set","ast-page-background-enabled":"default","ast-page-background-meta":{"desktop":{"background-color":"var(--ast-global-color-4)","background-image":"","background-repeat":"repeat","background-position":"center center","background-size":"auto","background-attachment":"scroll","background-type":"","background-media":"","overlay-type":"","overlay-color":"","overlay-opacity":"","overlay-gradient":""},"tablet":{"background-color":"","background-image":"","background-repeat":"repeat","background-position":"center center","background-size":"auto","background-attachment":"scroll","background-type":"","background-media":"","overlay-type":"","overlay-color":"","overlay-opacity":"","overlay-gradient":""},"mobile":{"background-color":"","background-image":"","background-repeat":"repeat","background-position":"center center","background-size":"auto","background-attachment":"scroll","background-type":"","background-media":"","overlay-type":"","overlay-color":"","overlay-opacity":"","overlay-gradient":""}},"ast-content-background-meta":{"desktop":{"background-color":"var(--ast-global-color-5)","background-image":"","background-repeat":"repeat","background-position":"center center","background-size":"auto","background-attachment":"scroll","background-type":"","background-media":"","overlay-type":"","overlay-color":"","overlay-opacity":"","overlay-gradient":""},"tablet":{"background-color":"var(--ast-global-color-5)","background-image":"","background-repeat":"repeat","background-position":"center center","background-size":"auto","background-attachment":"scroll","background-type":"","background-media":"","overlay-type":"","overlay-color":"","overlay-opacity":"","overlay-gradient":""},"mobile":{"background-color":"var(--ast-global-color-5)","background-image":"","background-repeat":"repeat","background-position":"center center","background-size":"auto","background-attachment":"scroll","background-type":"","background-media":"","overlay-type":"","overlay-color":"","overlay-opacity":"","overlay-gradient":""}},"footnotes":""},"class_list":["post-8017","page","type-page","status-publish","has-post-thumbnail","hentry"],"acf":[],"yoast_head":"<!-- This site is optimized with the Yoast SEO plugin v26.8 - https:\/\/yoast.com\/product\/yoast-seo-wordpress\/ -->\n<title>Programa de Opciones de Salud para Peque\u00f1as Empresas (SHOP) | Acceso a Georgia<\/title>\n<meta name=\"description\" content=\"El Programa de Opciones de Salud para Peque\u00f1as Empresas (SHOP) ayuda a las peque\u00f1as empresas de Georgia a proporcionar seguro m\u00e9dico a los empleados.\" \/>\n<meta name=\"robots\" content=\"index, follow, max-snippet:-1, max-image-preview:large, max-video-preview:-1\" \/>\n<link rel=\"canonical\" href=\"https:\/\/georgiaaccessprodbeta.disclosuresai.com\/es\/acceso-a-georgia-para-negocios\/programa-de-opciones-de-salud-para-pequenas-empresas\/\" \/>\n<meta property=\"og:locale\" content=\"es_ES\" \/>\n<meta property=\"og:type\" content=\"article\" \/>\n<meta property=\"og:title\" content=\"Seguro de salud asequible para peque\u00f1as empresas | Acceso a Georgia\" \/>\n<meta property=\"og:description\" content=\"Encuentre opciones de seguro de salud asequibles para peque\u00f1as empresas y personas que trabajan por cuenta propia en Georgia. Obt\u00e9n m\u00e1s informaci\u00f3n sobre los planes SHOP para satisfacer las necesidades de tu equipo.\" \/>\n<meta property=\"og:url\" content=\"https:\/\/georgiaaccessprodbeta.disclosuresai.com\/es\/acceso-a-georgia-para-negocios\/programa-de-opciones-de-salud-para-pequenas-empresas\/\" \/>\n<meta property=\"og:site_name\" content=\"Georgia Access\" \/>\n<meta property=\"article:modified_time\" content=\"2026-05-01T04:38:26+00:00\" \/>\n<meta property=\"og:image\" content=\"https:\/\/georgiaaccess.gov\/wp-content\/uploads\/2025\/09\/small-businesses-header-scaled.jpg\" \/>\n\t<meta property=\"og:image:width\" content=\"2560\" \/>\n\t<meta property=\"og:image:height\" content=\"356\" \/>\n\t<meta property=\"og:image:type\" content=\"image\/jpeg\" \/>\n<meta name=\"twitter:card\" content=\"summary_large_image\" \/>\n<meta name=\"twitter:label1\" content=\"Tiempo de lectura\" \/>\n\t<meta name=\"twitter:data1\" content=\"3 minutos\" \/>\n<script type=\"application\/ld+json\" class=\"yoast-schema-graph\">{\"@context\":\"https:\/\/schema.org\",\"@graph\":[{\"@type\":\"WebPage\",\"@id\":\"https:\/\/georgiaaccessprodbeta.disclosuresai.com\/es\/acceso-a-georgia-para-negocios\/programa-de-opciones-de-salud-para-pequenas-empresas\/\",\"url\":\"https:\/\/georgiaaccessprodbeta.disclosuresai.com\/es\/acceso-a-georgia-para-negocios\/programa-de-opciones-de-salud-para-pequenas-empresas\/\",\"name\":\"Programa de Opciones de Salud para Peque\u00f1as Empresas (SHOP) | Acceso a Georgia\",\"isPartOf\":{\"@id\":\"https:\/\/georgiaaccess.gov\/#website\"},\"primaryImageOfPage\":{\"@id\":\"https:\/\/georgiaaccessprodbeta.disclosuresai.com\/es\/acceso-a-georgia-para-negocios\/programa-de-opciones-de-salud-para-pequenas-empresas\/#primaryimage\"},\"image\":{\"@id\":\"https:\/\/georgiaaccessprodbeta.disclosuresai.com\/es\/acceso-a-georgia-para-negocios\/programa-de-opciones-de-salud-para-pequenas-empresas\/#primaryimage\"},\"thumbnailUrl\":\"https:\/\/georgiaaccessprodbeta.disclosuresai.com\/wp-content\/uploads\/2025\/09\/small-businesses-header-scaled.jpg\",\"datePublished\":\"2025-09-26T15:22:02+00:00\",\"dateModified\":\"2026-05-01T04:38:26+00:00\",\"description\":\"El Programa de Opciones de Salud para Peque\u00f1as Empresas (SHOP) ayuda a las peque\u00f1as empresas de Georgia a proporcionar seguro m\u00e9dico a los empleados.\",\"breadcrumb\":{\"@id\":\"https:\/\/georgiaaccessprodbeta.disclosuresai.com\/es\/acceso-a-georgia-para-negocios\/programa-de-opciones-de-salud-para-pequenas-empresas\/#breadcrumb\"},\"inLanguage\":\"es\",\"potentialAction\":[{\"@type\":\"ReadAction\",\"target\":[\"https:\/\/georgiaaccessprodbeta.disclosuresai.com\/es\/acceso-a-georgia-para-negocios\/programa-de-opciones-de-salud-para-pequenas-empresas\/\"]}]},{\"@type\":\"ImageObject\",\"inLanguage\":\"es\",\"@id\":\"https:\/\/georgiaaccessprodbeta.disclosuresai.com\/es\/acceso-a-georgia-para-negocios\/programa-de-opciones-de-salud-para-pequenas-empresas\/#primaryimage\",\"url\":\"https:\/\/georgiaaccessprodbeta.disclosuresai.com\/wp-content\/uploads\/2025\/09\/small-businesses-header-scaled.jpg\",\"contentUrl\":\"https:\/\/georgiaaccessprodbeta.disclosuresai.com\/wp-content\/uploads\/2025\/09\/small-businesses-header-scaled.jpg\",\"width\":2560,\"height\":356,\"caption\":\"A man and woman smile while working at a small business.\"},{\"@type\":\"BreadcrumbList\",\"@id\":\"https:\/\/georgiaaccessprodbeta.disclosuresai.com\/es\/acceso-a-georgia-para-negocios\/programa-de-opciones-de-salud-para-pequenas-empresas\/#breadcrumb\",\"itemListElement\":[{\"@type\":\"ListItem\",\"position\":1,\"name\":\"Home\",\"item\":\"https:\/\/georgiaaccess.gov\/es\/\"},{\"@type\":\"ListItem\",\"position\":2,\"name\":\"Acceso a Georgia Para Negocios\",\"item\":\"https:\/\/georgiaaccess.gov\/es\/acceso-a-georgia-para-negocios\/\"},{\"@type\":\"ListItem\",\"position\":3,\"name\":\"Programa de Opciones de Salud para Peque\u00f1as Empresas (SHOP)\"}]},{\"@type\":\"WebSite\",\"@id\":\"https:\/\/georgiaaccess.gov\/#website\",\"url\":\"https:\/\/georgiaaccess.gov\/\",\"name\":\"Georgia Access\",\"description\":\"\",\"publisher\":{\"@id\":\"https:\/\/georgiaaccess.gov\/#organization\"},\"potentialAction\":[{\"@type\":\"SearchAction\",\"target\":{\"@type\":\"EntryPoint\",\"urlTemplate\":\"https:\/\/georgiaaccess.gov\/?s={search_term_string}\"},\"query-input\":{\"@type\":\"PropertyValueSpecification\",\"valueRequired\":true,\"valueName\":\"search_term_string\"}}],\"inLanguage\":\"es\"},{\"@type\":\"Organization\",\"@id\":\"https:\/\/georgiaaccess.gov\/#organization\",\"name\":\"Georgia Access\",\"url\":\"https:\/\/georgiaaccess.gov\/\",\"logo\":{\"@type\":\"ImageObject\",\"inLanguage\":\"es\",\"@id\":\"https:\/\/georgiaaccess.gov\/#\/schema\/logo\/image\/\",\"url\":\"https:\/\/georgiaaccessprodbeta.disclosuresai.com\/wp-content\/uploads\/2022\/10\/georgia-access-logo-stacked.svg\",\"contentUrl\":\"https:\/\/georgiaaccessprodbeta.disclosuresai.com\/wp-content\/uploads\/2022\/10\/georgia-access-logo-stacked.svg\",\"width\":180,\"height\":56,\"caption\":\"Georgia Access\"},\"image\":{\"@id\":\"https:\/\/georgiaaccess.gov\/#\/schema\/logo\/image\/\"}}]}<\/script>\n<!-- \/ Yoast SEO plugin. -->","yoast_head_json":{"title":"Programa de Opciones de Salud para Peque\u00f1as Empresas (SHOP) | Acceso a Georgia","description":"El Programa de Opciones de Salud para Peque\u00f1as Empresas (SHOP) ayuda a las peque\u00f1as empresas de Georgia a proporcionar seguro m\u00e9dico a los empleados.","robots":{"index":"index","follow":"follow","max-snippet":"max-snippet:-1","max-image-preview":"max-image-preview:large","max-video-preview":"max-video-preview:-1"},"canonical":"https:\/\/georgiaaccessprodbeta.disclosuresai.com\/es\/acceso-a-georgia-para-negocios\/programa-de-opciones-de-salud-para-pequenas-empresas\/","og_locale":"es_ES","og_type":"article","og_title":"Seguro de salud asequible para peque\u00f1as empresas | Acceso a Georgia","og_description":"Encuentre opciones de seguro de salud asequibles para peque\u00f1as empresas y personas que trabajan por cuenta propia en Georgia. Obt\u00e9n m\u00e1s informaci\u00f3n sobre los planes SHOP para satisfacer las necesidades de tu equipo.","og_url":"https:\/\/georgiaaccessprodbeta.disclosuresai.com\/es\/acceso-a-georgia-para-negocios\/programa-de-opciones-de-salud-para-pequenas-empresas\/","og_site_name":"Georgia Access","article_modified_time":"2026-05-01T04:38:26+00:00","og_image":[{"width":2560,"height":356,"url":"https:\/\/georgiaaccess.gov\/wp-content\/uploads\/2025\/09\/small-businesses-header-scaled.jpg","type":"image\/jpeg"}],"twitter_card":"summary_large_image","twitter_misc":{"Tiempo de lectura":"3 minutos"},"schema":{"@context":"https:\/\/schema.org","@graph":[{"@type":"WebPage","@id":"https:\/\/georgiaaccessprodbeta.disclosuresai.com\/es\/acceso-a-georgia-para-negocios\/programa-de-opciones-de-salud-para-pequenas-empresas\/","url":"https:\/\/georgiaaccessprodbeta.disclosuresai.com\/es\/acceso-a-georgia-para-negocios\/programa-de-opciones-de-salud-para-pequenas-empresas\/","name":"Programa de Opciones de Salud para Peque\u00f1as Empresas (SHOP) | Acceso a Georgia","isPartOf":{"@id":"https:\/\/georgiaaccess.gov\/#website"},"primaryImageOfPage":{"@id":"https:\/\/georgiaaccessprodbeta.disclosuresai.com\/es\/acceso-a-georgia-para-negocios\/programa-de-opciones-de-salud-para-pequenas-empresas\/#primaryimage"},"image":{"@id":"https:\/\/georgiaaccessprodbeta.disclosuresai.com\/es\/acceso-a-georgia-para-negocios\/programa-de-opciones-de-salud-para-pequenas-empresas\/#primaryimage"},"thumbnailUrl":"https:\/\/georgiaaccessprodbeta.disclosuresai.com\/wp-content\/uploads\/2025\/09\/small-businesses-header-scaled.jpg","datePublished":"2025-09-26T15:22:02+00:00","dateModified":"2026-05-01T04:38:26+00:00","description":"El Programa de Opciones de Salud para Peque\u00f1as Empresas (SHOP) ayuda a las peque\u00f1as empresas de Georgia a proporcionar seguro m\u00e9dico a los empleados.","breadcrumb":{"@id":"https:\/\/georgiaaccessprodbeta.disclosuresai.com\/es\/acceso-a-georgia-para-negocios\/programa-de-opciones-de-salud-para-pequenas-empresas\/#breadcrumb"},"inLanguage":"es","potentialAction":[{"@type":"ReadAction","target":["https:\/\/georgiaaccessprodbeta.disclosuresai.com\/es\/acceso-a-georgia-para-negocios\/programa-de-opciones-de-salud-para-pequenas-empresas\/"]}]},{"@type":"ImageObject","inLanguage":"es","@id":"https:\/\/georgiaaccessprodbeta.disclosuresai.com\/es\/acceso-a-georgia-para-negocios\/programa-de-opciones-de-salud-para-pequenas-empresas\/#primaryimage","url":"https:\/\/georgiaaccessprodbeta.disclosuresai.com\/wp-content\/uploads\/2025\/09\/small-businesses-header-scaled.jpg","contentUrl":"https:\/\/georgiaaccessprodbeta.disclosuresai.com\/wp-content\/uploads\/2025\/09\/small-businesses-header-scaled.jpg","width":2560,"height":356,"caption":"A man and woman smile while working at a small business."},{"@type":"BreadcrumbList","@id":"https:\/\/georgiaaccessprodbeta.disclosuresai.com\/es\/acceso-a-georgia-para-negocios\/programa-de-opciones-de-salud-para-pequenas-empresas\/#breadcrumb","itemListElement":[{"@type":"ListItem","position":1,"name":"Home","item":"https:\/\/georgiaaccess.gov\/es\/"},{"@type":"ListItem","position":2,"name":"Acceso a Georgia Para Negocios","item":"https:\/\/georgiaaccess.gov\/es\/acceso-a-georgia-para-negocios\/"},{"@type":"ListItem","position":3,"name":"Programa de Opciones de Salud para Peque\u00f1as Empresas (SHOP)"}]},{"@type":"WebSite","@id":"https:\/\/georgiaaccess.gov\/#website","url":"https:\/\/georgiaaccess.gov\/","name":"Georgia Access","description":"","publisher":{"@id":"https:\/\/georgiaaccess.gov\/#organization"},"potentialAction":[{"@type":"SearchAction","target":{"@type":"EntryPoint","urlTemplate":"https:\/\/georgiaaccess.gov\/?s={search_term_string}"},"query-input":{"@type":"PropertyValueSpecification","valueRequired":true,"valueName":"search_term_string"}}],"inLanguage":"es"},{"@type":"Organization","@id":"https:\/\/georgiaaccess.gov\/#organization","name":"Georgia Access","url":"https:\/\/georgiaaccess.gov\/","logo":{"@type":"ImageObject","inLanguage":"es","@id":"https:\/\/georgiaaccess.gov\/#\/schema\/logo\/image\/","url":"https:\/\/georgiaaccessprodbeta.disclosuresai.com\/wp-content\/uploads\/2022\/10\/georgia-access-logo-stacked.svg","contentUrl":"https:\/\/georgiaaccessprodbeta.disclosuresai.com\/wp-content\/uploads\/2022\/10\/georgia-access-logo-stacked.svg","width":180,"height":56,"caption":"Georgia Access"},"image":{"@id":"https:\/\/georgiaaccess.gov\/#\/schema\/logo\/image\/"}}]}},"uagb_featured_image_src":{"full":["https:\/\/georgiaaccessprodbeta.disclosuresai.com\/wp-content\/uploads\/2025\/09\/small-businesses-header-scaled.jpg",2560,356,false],"thumbnail":["https:\/\/georgiaaccessprodbeta.disclosuresai.com\/wp-content\/uploads\/2025\/09\/small-businesses-header-150x150.jpg",150,150,true],"medium":["https:\/\/georgiaaccessprodbeta.disclosuresai.com\/wp-content\/uploads\/2025\/09\/small-businesses-header-300x42.jpg",300,42,true],"medium_large":["https:\/\/georgiaaccessprodbeta.disclosuresai.com\/wp-content\/uploads\/2025\/09\/small-businesses-header-768x107.jpg",768,107,true],"large":["https:\/\/georgiaaccessprodbeta.disclosuresai.com\/wp-content\/uploads\/2025\/09\/small-businesses-header-1024x142.jpg",1024,142,true],"1536x1536":["https:\/\/georgiaaccessprodbeta.disclosuresai.com\/wp-content\/uploads\/2025\/09\/small-businesses-header-1536x213.jpg",1536,213,true],"2048x2048":["https:\/\/georgiaaccessprodbeta.disclosuresai.com\/wp-content\/uploads\/2025\/09\/small-businesses-header-2048x284.jpg",2048,284,true]},"uagb_author_info":{"display_name":"Wenmin Chen","author_link":"https:\/\/georgiaaccessprodbeta.disclosuresai.com\/es\/author\/wenminc\/"},"uagb_comment_info":0,"uagb_excerpt":"Georgia Access ofrece el Programa de Opciones de Salud para Peque\u00f1as Empresas (SHOP) para peque\u00f1as empresas con hasta 50 empleados. Los planes SHOP son planes para grupos peque\u00f1os certificados por Georgia Access. Beneficio \u2013 Cuando las empresas ofrecen planes SHOP a sus empleados, pueden ser elegibles para el Cr\u00e9dito Fiscal Federal para Atenci\u00f3n Sanitaria para&hellip;","_links":{"self":[{"href":"https:\/\/georgiaaccessprodbeta.disclosuresai.com\/es\/wp-json\/wp\/v2\/pages\/8017","targetHints":{"allow":["GET"]}}],"collection":[{"href":"https:\/\/georgiaaccessprodbeta.disclosuresai.com\/es\/wp-json\/wp\/v2\/pages"}],"about":[{"href":"https:\/\/georgiaaccessprodbeta.disclosuresai.com\/es\/wp-json\/wp\/v2\/types\/page"}],"author":[{"embeddable":true,"href":"https:\/\/georgiaaccessprodbeta.disclosuresai.com\/es\/wp-json\/wp\/v2\/users\/23"}],"replies":[{"embeddable":true,"href":"https:\/\/georgiaaccessprodbeta.disclosuresai.com\/es\/wp-json\/wp\/v2\/comments?post=8017"}],"version-history":[{"count":9,"href":"https:\/\/georgiaaccessprodbeta.disclosuresai.com\/es\/wp-json\/wp\/v2\/pages\/8017\/revisions"}],"predecessor-version":[{"id":9979,"href":"https:\/\/georgiaaccessprodbeta.disclosuresai.com\/es\/wp-json\/wp\/v2\/pages\/8017\/revisions\/9979"}],"up":[{"embeddable":true,"href":"https:\/\/georgiaaccessprodbeta.disclosuresai.com\/es\/wp-json\/wp\/v2\/pages\/9314"}],"wp:featuredmedia":[{"embeddable":true,"href":"https:\/\/georgiaaccessprodbeta.disclosuresai.com\/es\/wp-json\/wp\/v2\/media\/6619"}],"wp:attachment":[{"href":"https:\/\/georgiaaccessprodbeta.disclosuresai.com\/es\/wp-json\/wp\/v2\/media?parent=8017"}],"curies":[{"name":"wp","href":"https:\/\/api.w.org\/{rel}","templated":true}]}}