{"id":7906,"date":"2025-08-04T14:59:00","date_gmt":"2025-08-04T18:59:00","guid":{"rendered":"https:\/\/georgiaaccess.gov\/?page_id=7906"},"modified":"2026-05-01T00:57:42","modified_gmt":"2026-05-01T04:57:42","slug":"otras-opciones-para-las-negocios","status":"publish","type":"page","link":"https:\/\/georgiaaccessprodbeta.disclosuresai.com\/es\/acceso-a-georgia-para-negocios\/otras-opciones-para-las-negocios\/","title":{"rendered":"Otras opciones para negocios"},"content":{"rendered":"\n<p>Dependiendo de la estructura de tu organizaci\u00f3n, la clasificaci\u00f3n del sector y las afiliaciones de membres\u00eda, podr\u00edas ser elegible para participar en otros acuerdos de beneficios patrocinados por el empleador. GAFB no administra ni respalda estos programas; Sin embargo, en aras de la transparencia y la toma de decisiones informada, ofrecemos la siguiente visi\u00f3n general de opciones alternativas de beneficios que podr\u00edan merecer consideraci\u00f3n. <\/p>\n\n<h2 class=\"wp-block-heading h2-heading\"><strong><strong>Cobertura de Grupos Comerciales<\/strong><\/strong><\/h2>\n\n<p>Muchos empleadores optan por ofrecer cobertura est\u00e1ndar o personalizada a trav\u00e9s de un plan de cobertura grupal comercial. Varios emisores m\u00e9dicos diferentes ofrecen este tipo de cobertura en Georgia. Esta cobertura estar\u00e1 fuera de la bolsa y es probable que est\u00e9 dise\u00f1ada espec\u00edficamente para adaptarse a tu organizaci\u00f3n. Si eres un empleador que no trabaja con un agente, Georgia Access recomienda encarecidamente que trabajes con un agente autorizado y experimentado para evaluar tus opciones. Georgia Access puede ayudarte a encontrar un agente certificado y con licencia para navegar entre las opciones. Si est\u00e1 interesado, por favor cont\u00e1ctenos en el 844-GA-ICHRA.       <\/p>\n\n<h2 class=\"wp-block-heading h2-heading\"><strong><strong>Acuerdos de Bienestar M\u00faltiple para Empleadores (MEWAs)<\/strong><\/strong><\/h2>\n\n<p>Las MEWA permiten que varios empleadores, a menudo m\u00e1s peque\u00f1os, unan recursos y ofrezcan beneficios compartidos de salud y bienestar, incluyendo m\u00e9dicos, dentales, de visi\u00f3n y de discapacidad, a sus empleados. Los MEWA est\u00e1n regulados por ERISA y normativas estatales. <\/p>\n\n<p>Para saber m\u00e1s, visita:<\/p>\n\n<ul class=\"wp-block-list\">\n<li>Resumen de Investopedia: <a href=\"https:\/\/www.investopedia.com\/terms\/m\/mewa.asp\" target=\"_blank\" rel=\"noreferrer noopener\">\u00abAcuerdo de Bienestar para M\u00faltiples Empleadores (MEWA)\u00bb<\/a><\/li>\n\n\n\n<li>Resumen legal: <a href=\"https:\/\/legalclarity.org\/what-is-a-multiple-employer-welfare-arrangement-mewa\/\" target=\"_blank\" rel=\"noreferrer noopener\">\u00ab\u00bfQu\u00e9 es un MEWA?\u00bb<\/a><\/li>\n<\/ul>\n\n<h2 class=\"wp-block-heading h2-heading\"><strong><strong><strong>Planes de Salud de la Asociaci\u00f3n (AHP)<\/strong><\/strong><\/strong><\/h2>\n\n<p>Los AHP son planes de salud grupales proporcionados por asociaciones comerciales o industriales que permiten que peque\u00f1as empresas o personas aut\u00f3nomas se unan colectivamente. Estos planes obtienen ventajas al operar como un grupo m\u00e1s grande, como acceder a precios de seguros para grandes grupos y poder de negociaci\u00f3n. <\/p>\n\n<p>Para saber m\u00e1s, visita:<\/p>\n\n<ul class=\"wp-block-list\">\n<li>HealthcareInsider: <a href=\"https:\/\/healthcareinsider.com\/association-health-plans\" target=\"_blank\" rel=\"noreferrer noopener\">\u00ab\u00bfQu\u00e9 son los planes de salud de asociaci\u00f3n? Pros y contras\u00bb<\/a><\/li>\n\n\n\n<li>Gu\u00eda de cumplimiento del DOL: <a href=\"https:\/\/spbatpa.org\/sites\/default\/files\/compliance-assistance-publication-ahp.pdf\" target=\"_blank\" rel=\"noreferrer noopener\">\u00abPLANES DE SALUD DE LA ASOCIACI\u00d3N\u00bb<\/a><\/li>\n<\/ul>\n\n<h2 class=\"wp-block-heading h2-heading\"><strong><strong><strong><strong>Planes de Salud de la C\u00e1mara de Comercio de Georgia<\/strong><\/strong><\/strong><\/strong><\/h2>\n\n<p>Disponibles exclusivamente para miembros de la C\u00e1mara de Comercio de Georgia y sus c\u00e1maras locales afiliadas, estos planes ofrecen cobertura sanitaria estructurada para peque\u00f1as y medianas empresas a trav\u00e9s de Anthem BCBS.<\/p>\n\n<p>Para saber m\u00e1s, visita:<\/p>\n\n<ul class=\"wp-block-list\">\n<li>Portal oficial: <a href=\"https:\/\/www.gachamber.com\/smart-health-plans\/\" target=\"_blank\" rel=\"noreferrer noopener\">Planes de Salud SMART de la C\u00e1mara de Comercio de Georgia<\/a><\/li>\n<\/ul>\n\n<h2 class=\"wp-block-heading h2-heading\"><strong>Plan de Beneficios Grupales de la Farm Bureau<\/strong><\/h2>\n\n<p>Los Planes de Salud de Farm Bureau atienden a grupos de empleadores (a menudo a trav\u00e9s de filiales estatales a Farm Bureau) con diversas opciones de beneficios.<\/p>\n\n<p>Nota: En ciertos estados, estos planes no est\u00e1n regulados como seguros tradicionales y pueden no garantizar protecciones federales o estatales.<\/p>\n\n<p>Para saber m\u00e1s, visita:<\/p>\n\n<ul class=\"wp-block-list\">\n<li>Informaci\u00f3n sobre beneficios para empleadores: <a href=\"https:\/\/www.gfb.org\/join\/healthcare\" target=\"_blank\" rel=\"noreferrer noopener\">https:\/\/www.gfb.org\/join\/healthcare<\/a><\/li>\n\n\n\n<li>Informe de la GAO sobre alternativas a la Oficina Agr\u00edcola: <a href=\"https:\/\/www.gao.gov\/assets\/gao-23-106034.pdf\" target=\"_blank\" rel=\"noreferrer noopener\">GAO-23-106034<\/a><\/li>\n<\/ul>\n\n<h2 class=\"wp-block-heading h2-heading\"><strong><strong>Otras alternativas de prestaciones patrocinadas por el empleador<\/strong><\/strong><\/h2>\n\n<ul class=\"wp-block-list\">\n<li>Ministerios de Reparto de Atenci\u00f3n Sanitaria (HCSM): Acuerdos basados en la fe donde los miembros comparten gastos m\u00e9dicos. Estos no son seguros y normalmente carecen de supervisi\u00f3n regulatoria y protecciones est\u00e1ndar para el consumidor. <\/li>\n\n\n\n<li>Planes de Indemnizaci\u00f3n Fija: Proporcionan reembolsos fijos para servicios espec\u00edficos (por ejemplo, estancias hospitalarias), pero no son un seguro de salud integral.<\/li>\n<\/ul>\n\n<h2 class=\"wp-block-heading h2-heading\"><strong><strong><strong>Georgianos aut\u00f3nomos<\/strong><\/strong><\/strong><\/h2>\n\n<p>Puedes inscribirte en un seguro de salud en Georgia Access si eres aut\u00f3nomo, consultor, aut\u00f3nomo u otro trabajador aut\u00f3nomo. Puede que tengas derecho a ayuda financiera dependiendo de tus ingresos. <\/p>\n\n<ul class=\"wp-block-list\">\n<li>Completa una solicitud de Georgia Access en el <a href=\"https:\/\/enroll.georgiaaccess.gov\/hix\/\" target=\"_blank\" rel=\"noreferrer noopener\">portal de consumidores de Georgia Access<\/a> o con un <a href=\"https:\/\/georgiaaccess.gov\/es\/explore-las-opciones-de-inscripcion\/inscribete-con-un-agente-certificado\/\">agente<\/a>, <a href=\"https:\/\/georgiaaccess.gov\/es\/explore-las-opciones-de-inscripcion\/inscribase-en-una-compania-de-seguros\/\">compa\u00f1\u00eda de seguros<\/a> o <a href=\"https:\/\/georgiaaccess.gov\/es\/explore-las-opciones-de-inscripcion\/inscribase-con-un-corredor-web\/\">corredor web<\/a> para ver cu\u00e1nta ayuda financiera puedes recibir.<\/li>\n<\/ul>\n\n<div style=\"height:48px\" aria-hidden=\"true\" class=\"wp-block-spacer\"><\/div>\n\n<p><\/p>\n","protected":false},"excerpt":{"rendered":"<p>Dependiendo de la estructura de tu organizaci\u00f3n, la clasificaci\u00f3n del sector y las afiliaciones de membres\u00eda, podr\u00edas ser elegible para participar en otros acuerdos de beneficios patrocinados por el empleador. GAFB no administra ni respalda estos programas; Sin embargo, en aras de la transparencia y la toma de decisiones informada, ofrecemos la siguiente visi\u00f3n general [&hellip;]<\/p>\n","protected":false},"author":23,"featured_media":6619,"parent":9314,"menu_order":0,"comment_status":"closed","ping_status":"closed","template":"sidebar-menu-template.php","meta":{"_acf_changed":false,"inline_featured_image":false,"_uag_custom_page_level_css":"","site-sidebar-layout":"default","site-content-layout":"","ast-site-content-layout":"default","site-content-style":"default","site-sidebar-style":"default","ast-global-header-display":"","ast-banner-title-visibility":"","ast-main-header-display":"","ast-hfb-above-header-display":"","ast-hfb-below-header-display":"","ast-hfb-mobile-header-display":"","site-post-title":"","ast-breadcrumbs-content":"","ast-featured-img":"disabled","footer-sml-layout":"","ast-disable-related-posts":"","theme-transparent-header-meta":"","adv-header-id-meta":"","stick-header-meta":"","header-above-stick-meta":"","header-main-stick-meta":"","header-below-stick-meta":"","astra-migrate-meta-layouts":"set","ast-page-background-enabled":"default","ast-page-background-meta":{"desktop":{"background-color":"var(--ast-global-color-4)","background-image":"","background-repeat":"repeat","background-position":"center center","background-size":"auto","background-attachment":"scroll","background-type":"","background-media":"","overlay-type":"","overlay-color":"","overlay-opacity":"","overlay-gradient":""},"tablet":{"background-color":"","background-image":"","background-repeat":"repeat","background-position":"center center","background-size":"auto","background-attachment":"scroll","background-type":"","background-media":"","overlay-type":"","overlay-color":"","overlay-opacity":"","overlay-gradient":""},"mobile":{"background-color":"","background-image":"","background-repeat":"repeat","background-position":"center center","background-size":"auto","background-attachment":"scroll","background-type":"","background-media":"","overlay-type":"","overlay-color":"","overlay-opacity":"","overlay-gradient":""}},"ast-content-background-meta":{"desktop":{"background-color":"var(--ast-global-color-5)","background-image":"","background-repeat":"repeat","background-position":"center center","background-size":"auto","background-attachment":"scroll","background-type":"","background-media":"","overlay-type":"","overlay-color":"","overlay-opacity":"","overlay-gradient":""},"tablet":{"background-color":"var(--ast-global-color-5)","background-image":"","background-repeat":"repeat","background-position":"center center","background-size":"auto","background-attachment":"scroll","background-type":"","background-media":"","overlay-type":"","overlay-color":"","overlay-opacity":"","overlay-gradient":""},"mobile":{"background-color":"var(--ast-global-color-5)","background-image":"","background-repeat":"repeat","background-position":"center center","background-size":"auto","background-attachment":"scroll","background-type":"","background-media":"","overlay-type":"","overlay-color":"","overlay-opacity":"","overlay-gradient":""}},"footnotes":""},"class_list":["post-7906","page","type-page","status-publish","has-post-thumbnail","hentry"],"acf":[],"yoast_head":"<!-- This site is optimized with the Yoast SEO plugin v26.8 - https:\/\/yoast.com\/product\/yoast-seo-wordpress\/ -->\n<title>Otras opciones para negocios | Acceso a Georgia<\/title>\n<meta name=\"description\" content=\"Inf\u00f3rmate sobre las alternativas de beneficios de salud patrocinadas por el empleador en Georgia, incluyendo planes comerciales grupales, MEWAs, AHPs, planes de la C\u00e1mara y opciones para aut\u00f3nomos.\" \/>\n<meta name=\"robots\" content=\"index, follow, max-snippet:-1, max-image-preview:large, max-video-preview:-1\" \/>\n<link rel=\"canonical\" href=\"https:\/\/georgiaaccessprodbeta.disclosuresai.com\/es\/acceso-a-georgia-para-negocios\/otras-opciones-para-las-negocios\/\" \/>\n<meta property=\"og:locale\" content=\"es_ES\" \/>\n<meta property=\"og:type\" content=\"article\" \/>\n<meta property=\"og:title\" content=\"Seguro de salud asequible para peque\u00f1as empresas | Acceso a Georgia\" \/>\n<meta property=\"og:description\" content=\"Encuentre opciones de seguro de salud asequibles para peque\u00f1as empresas y personas que trabajan por cuenta propia en Georgia. Obt\u00e9n m\u00e1s informaci\u00f3n sobre los planes SHOP para satisfacer las necesidades de tu equipo.\" \/>\n<meta property=\"og:url\" content=\"https:\/\/georgiaaccessprodbeta.disclosuresai.com\/es\/acceso-a-georgia-para-negocios\/otras-opciones-para-las-negocios\/\" \/>\n<meta property=\"og:site_name\" content=\"Georgia Access\" \/>\n<meta property=\"article:modified_time\" content=\"2026-05-01T04:57:42+00:00\" \/>\n<meta property=\"og:image\" content=\"https:\/\/georgiaaccess.gov\/wp-content\/uploads\/2025\/09\/small-businesses-header-scaled.jpg\" \/>\n\t<meta property=\"og:image:width\" content=\"2560\" \/>\n\t<meta property=\"og:image:height\" content=\"356\" \/>\n\t<meta property=\"og:image:type\" content=\"image\/jpeg\" \/>\n<meta name=\"twitter:card\" content=\"summary_large_image\" \/>\n<meta name=\"twitter:label1\" content=\"Tiempo de lectura\" \/>\n\t<meta name=\"twitter:data1\" content=\"3 minutos\" \/>\n<script type=\"application\/ld+json\" class=\"yoast-schema-graph\">{\"@context\":\"https:\/\/schema.org\",\"@graph\":[{\"@type\":\"WebPage\",\"@id\":\"https:\/\/georgiaaccessprodbeta.disclosuresai.com\/es\/acceso-a-georgia-para-negocios\/otras-opciones-para-las-negocios\/\",\"url\":\"https:\/\/georgiaaccessprodbeta.disclosuresai.com\/es\/acceso-a-georgia-para-negocios\/otras-opciones-para-las-negocios\/\",\"name\":\"Otras opciones para negocios | Acceso a Georgia\",\"isPartOf\":{\"@id\":\"https:\/\/georgiaaccess.gov\/#website\"},\"primaryImageOfPage\":{\"@id\":\"https:\/\/georgiaaccessprodbeta.disclosuresai.com\/es\/acceso-a-georgia-para-negocios\/otras-opciones-para-las-negocios\/#primaryimage\"},\"image\":{\"@id\":\"https:\/\/georgiaaccessprodbeta.disclosuresai.com\/es\/acceso-a-georgia-para-negocios\/otras-opciones-para-las-negocios\/#primaryimage\"},\"thumbnailUrl\":\"https:\/\/georgiaaccessprodbeta.disclosuresai.com\/wp-content\/uploads\/2025\/09\/small-businesses-header-scaled.jpg\",\"datePublished\":\"2025-08-04T18:59:00+00:00\",\"dateModified\":\"2026-05-01T04:57:42+00:00\",\"description\":\"Inf\u00f3rmate sobre las alternativas de beneficios de salud patrocinadas por el empleador en Georgia, incluyendo planes comerciales grupales, MEWAs, AHPs, planes de la C\u00e1mara y opciones para aut\u00f3nomos.\",\"breadcrumb\":{\"@id\":\"https:\/\/georgiaaccessprodbeta.disclosuresai.com\/es\/acceso-a-georgia-para-negocios\/otras-opciones-para-las-negocios\/#breadcrumb\"},\"inLanguage\":\"es\",\"potentialAction\":[{\"@type\":\"ReadAction\",\"target\":[\"https:\/\/georgiaaccessprodbeta.disclosuresai.com\/es\/acceso-a-georgia-para-negocios\/otras-opciones-para-las-negocios\/\"]}]},{\"@type\":\"ImageObject\",\"inLanguage\":\"es\",\"@id\":\"https:\/\/georgiaaccessprodbeta.disclosuresai.com\/es\/acceso-a-georgia-para-negocios\/otras-opciones-para-las-negocios\/#primaryimage\",\"url\":\"https:\/\/georgiaaccessprodbeta.disclosuresai.com\/wp-content\/uploads\/2025\/09\/small-businesses-header-scaled.jpg\",\"contentUrl\":\"https:\/\/georgiaaccessprodbeta.disclosuresai.com\/wp-content\/uploads\/2025\/09\/small-businesses-header-scaled.jpg\",\"width\":2560,\"height\":356,\"caption\":\"A man and woman smile while working at a small business.\"},{\"@type\":\"BreadcrumbList\",\"@id\":\"https:\/\/georgiaaccessprodbeta.disclosuresai.com\/es\/acceso-a-georgia-para-negocios\/otras-opciones-para-las-negocios\/#breadcrumb\",\"itemListElement\":[{\"@type\":\"ListItem\",\"position\":1,\"name\":\"Home\",\"item\":\"https:\/\/georgiaaccess.gov\/es\/\"},{\"@type\":\"ListItem\",\"position\":2,\"name\":\"Acceso a Georgia Para Negocios\",\"item\":\"https:\/\/georgiaaccess.gov\/es\/acceso-a-georgia-para-negocios\/\"},{\"@type\":\"ListItem\",\"position\":3,\"name\":\"Otras opciones para negocios\"}]},{\"@type\":\"WebSite\",\"@id\":\"https:\/\/georgiaaccess.gov\/#website\",\"url\":\"https:\/\/georgiaaccess.gov\/\",\"name\":\"Georgia Access\",\"description\":\"\",\"publisher\":{\"@id\":\"https:\/\/georgiaaccess.gov\/#organization\"},\"potentialAction\":[{\"@type\":\"SearchAction\",\"target\":{\"@type\":\"EntryPoint\",\"urlTemplate\":\"https:\/\/georgiaaccess.gov\/?s={search_term_string}\"},\"query-input\":{\"@type\":\"PropertyValueSpecification\",\"valueRequired\":true,\"valueName\":\"search_term_string\"}}],\"inLanguage\":\"es\"},{\"@type\":\"Organization\",\"@id\":\"https:\/\/georgiaaccess.gov\/#organization\",\"name\":\"Georgia Access\",\"url\":\"https:\/\/georgiaaccess.gov\/\",\"logo\":{\"@type\":\"ImageObject\",\"inLanguage\":\"es\",\"@id\":\"https:\/\/georgiaaccess.gov\/#\/schema\/logo\/image\/\",\"url\":\"https:\/\/georgiaaccessprodbeta.disclosuresai.com\/wp-content\/uploads\/2022\/10\/georgia-access-logo-stacked.svg\",\"contentUrl\":\"https:\/\/georgiaaccessprodbeta.disclosuresai.com\/wp-content\/uploads\/2022\/10\/georgia-access-logo-stacked.svg\",\"width\":180,\"height\":56,\"caption\":\"Georgia Access\"},\"image\":{\"@id\":\"https:\/\/georgiaaccess.gov\/#\/schema\/logo\/image\/\"}}]}<\/script>\n<!-- \/ Yoast SEO plugin. -->","yoast_head_json":{"title":"Otras opciones para negocios | Acceso a Georgia","description":"Inf\u00f3rmate sobre las alternativas de beneficios de salud patrocinadas por el empleador en Georgia, incluyendo planes comerciales grupales, MEWAs, AHPs, planes de la C\u00e1mara y opciones para aut\u00f3nomos.","robots":{"index":"index","follow":"follow","max-snippet":"max-snippet:-1","max-image-preview":"max-image-preview:large","max-video-preview":"max-video-preview:-1"},"canonical":"https:\/\/georgiaaccessprodbeta.disclosuresai.com\/es\/acceso-a-georgia-para-negocios\/otras-opciones-para-las-negocios\/","og_locale":"es_ES","og_type":"article","og_title":"Seguro de salud asequible para peque\u00f1as empresas | Acceso a Georgia","og_description":"Encuentre opciones de seguro de salud asequibles para peque\u00f1as empresas y personas que trabajan por cuenta propia en Georgia. Obt\u00e9n m\u00e1s informaci\u00f3n sobre los planes SHOP para satisfacer las necesidades de tu equipo.","og_url":"https:\/\/georgiaaccessprodbeta.disclosuresai.com\/es\/acceso-a-georgia-para-negocios\/otras-opciones-para-las-negocios\/","og_site_name":"Georgia Access","article_modified_time":"2026-05-01T04:57:42+00:00","og_image":[{"width":2560,"height":356,"url":"https:\/\/georgiaaccess.gov\/wp-content\/uploads\/2025\/09\/small-businesses-header-scaled.jpg","type":"image\/jpeg"}],"twitter_card":"summary_large_image","twitter_misc":{"Tiempo de lectura":"3 minutos"},"schema":{"@context":"https:\/\/schema.org","@graph":[{"@type":"WebPage","@id":"https:\/\/georgiaaccessprodbeta.disclosuresai.com\/es\/acceso-a-georgia-para-negocios\/otras-opciones-para-las-negocios\/","url":"https:\/\/georgiaaccessprodbeta.disclosuresai.com\/es\/acceso-a-georgia-para-negocios\/otras-opciones-para-las-negocios\/","name":"Otras opciones para negocios | Acceso a Georgia","isPartOf":{"@id":"https:\/\/georgiaaccess.gov\/#website"},"primaryImageOfPage":{"@id":"https:\/\/georgiaaccessprodbeta.disclosuresai.com\/es\/acceso-a-georgia-para-negocios\/otras-opciones-para-las-negocios\/#primaryimage"},"image":{"@id":"https:\/\/georgiaaccessprodbeta.disclosuresai.com\/es\/acceso-a-georgia-para-negocios\/otras-opciones-para-las-negocios\/#primaryimage"},"thumbnailUrl":"https:\/\/georgiaaccessprodbeta.disclosuresai.com\/wp-content\/uploads\/2025\/09\/small-businesses-header-scaled.jpg","datePublished":"2025-08-04T18:59:00+00:00","dateModified":"2026-05-01T04:57:42+00:00","description":"Inf\u00f3rmate sobre las alternativas de beneficios de salud patrocinadas por el empleador en Georgia, incluyendo planes comerciales grupales, MEWAs, AHPs, planes de la C\u00e1mara y opciones para aut\u00f3nomos.","breadcrumb":{"@id":"https:\/\/georgiaaccessprodbeta.disclosuresai.com\/es\/acceso-a-georgia-para-negocios\/otras-opciones-para-las-negocios\/#breadcrumb"},"inLanguage":"es","potentialAction":[{"@type":"ReadAction","target":["https:\/\/georgiaaccessprodbeta.disclosuresai.com\/es\/acceso-a-georgia-para-negocios\/otras-opciones-para-las-negocios\/"]}]},{"@type":"ImageObject","inLanguage":"es","@id":"https:\/\/georgiaaccessprodbeta.disclosuresai.com\/es\/acceso-a-georgia-para-negocios\/otras-opciones-para-las-negocios\/#primaryimage","url":"https:\/\/georgiaaccessprodbeta.disclosuresai.com\/wp-content\/uploads\/2025\/09\/small-businesses-header-scaled.jpg","contentUrl":"https:\/\/georgiaaccessprodbeta.disclosuresai.com\/wp-content\/uploads\/2025\/09\/small-businesses-header-scaled.jpg","width":2560,"height":356,"caption":"A man and woman smile while working at a small business."},{"@type":"BreadcrumbList","@id":"https:\/\/georgiaaccessprodbeta.disclosuresai.com\/es\/acceso-a-georgia-para-negocios\/otras-opciones-para-las-negocios\/#breadcrumb","itemListElement":[{"@type":"ListItem","position":1,"name":"Home","item":"https:\/\/georgiaaccess.gov\/es\/"},{"@type":"ListItem","position":2,"name":"Acceso a Georgia Para Negocios","item":"https:\/\/georgiaaccess.gov\/es\/acceso-a-georgia-para-negocios\/"},{"@type":"ListItem","position":3,"name":"Otras opciones para negocios"}]},{"@type":"WebSite","@id":"https:\/\/georgiaaccess.gov\/#website","url":"https:\/\/georgiaaccess.gov\/","name":"Georgia Access","description":"","publisher":{"@id":"https:\/\/georgiaaccess.gov\/#organization"},"potentialAction":[{"@type":"SearchAction","target":{"@type":"EntryPoint","urlTemplate":"https:\/\/georgiaaccess.gov\/?s={search_term_string}"},"query-input":{"@type":"PropertyValueSpecification","valueRequired":true,"valueName":"search_term_string"}}],"inLanguage":"es"},{"@type":"Organization","@id":"https:\/\/georgiaaccess.gov\/#organization","name":"Georgia Access","url":"https:\/\/georgiaaccess.gov\/","logo":{"@type":"ImageObject","inLanguage":"es","@id":"https:\/\/georgiaaccess.gov\/#\/schema\/logo\/image\/","url":"https:\/\/georgiaaccessprodbeta.disclosuresai.com\/wp-content\/uploads\/2022\/10\/georgia-access-logo-stacked.svg","contentUrl":"https:\/\/georgiaaccessprodbeta.disclosuresai.com\/wp-content\/uploads\/2022\/10\/georgia-access-logo-stacked.svg","width":180,"height":56,"caption":"Georgia Access"},"image":{"@id":"https:\/\/georgiaaccess.gov\/#\/schema\/logo\/image\/"}}]}},"uagb_featured_image_src":{"full":["https:\/\/georgiaaccessprodbeta.disclosuresai.com\/wp-content\/uploads\/2025\/09\/small-businesses-header-scaled.jpg",2560,356,false],"thumbnail":["https:\/\/georgiaaccessprodbeta.disclosuresai.com\/wp-content\/uploads\/2025\/09\/small-businesses-header-150x150.jpg",150,150,true],"medium":["https:\/\/georgiaaccessprodbeta.disclosuresai.com\/wp-content\/uploads\/2025\/09\/small-businesses-header-300x42.jpg",300,42,true],"medium_large":["https:\/\/georgiaaccessprodbeta.disclosuresai.com\/wp-content\/uploads\/2025\/09\/small-businesses-header-768x107.jpg",768,107,true],"large":["https:\/\/georgiaaccessprodbeta.disclosuresai.com\/wp-content\/uploads\/2025\/09\/small-businesses-header-1024x142.jpg",1024,142,true],"1536x1536":["https:\/\/georgiaaccessprodbeta.disclosuresai.com\/wp-content\/uploads\/2025\/09\/small-businesses-header-1536x213.jpg",1536,213,true],"2048x2048":["https:\/\/georgiaaccessprodbeta.disclosuresai.com\/wp-content\/uploads\/2025\/09\/small-businesses-header-2048x284.jpg",2048,284,true]},"uagb_author_info":{"display_name":"Wenmin Chen","author_link":"https:\/\/georgiaaccessprodbeta.disclosuresai.com\/es\/author\/wenminc\/"},"uagb_comment_info":0,"uagb_excerpt":"Dependiendo de la estructura de tu organizaci\u00f3n, la clasificaci\u00f3n del sector y las afiliaciones de membres\u00eda, podr\u00edas ser elegible para participar en otros acuerdos de beneficios patrocinados por el empleador. GAFB no administra ni respalda estos programas; Sin embargo, en aras de la transparencia y la toma de decisiones informada, ofrecemos la siguiente visi\u00f3n general&hellip;","_links":{"self":[{"href":"https:\/\/georgiaaccessprodbeta.disclosuresai.com\/es\/wp-json\/wp\/v2\/pages\/7906","targetHints":{"allow":["GET"]}}],"collection":[{"href":"https:\/\/georgiaaccessprodbeta.disclosuresai.com\/es\/wp-json\/wp\/v2\/pages"}],"about":[{"href":"https:\/\/georgiaaccessprodbeta.disclosuresai.com\/es\/wp-json\/wp\/v2\/types\/page"}],"author":[{"embeddable":true,"href":"https:\/\/georgiaaccessprodbeta.disclosuresai.com\/es\/wp-json\/wp\/v2\/users\/23"}],"replies":[{"embeddable":true,"href":"https:\/\/georgiaaccessprodbeta.disclosuresai.com\/es\/wp-json\/wp\/v2\/comments?post=7906"}],"version-history":[{"count":8,"href":"https:\/\/georgiaaccessprodbeta.disclosuresai.com\/es\/wp-json\/wp\/v2\/pages\/7906\/revisions"}],"predecessor-version":[{"id":9995,"href":"https:\/\/georgiaaccessprodbeta.disclosuresai.com\/es\/wp-json\/wp\/v2\/pages\/7906\/revisions\/9995"}],"up":[{"embeddable":true,"href":"https:\/\/georgiaaccessprodbeta.disclosuresai.com\/es\/wp-json\/wp\/v2\/pages\/9314"}],"wp:featuredmedia":[{"embeddable":true,"href":"https:\/\/georgiaaccessprodbeta.disclosuresai.com\/es\/wp-json\/wp\/v2\/media\/6619"}],"wp:attachment":[{"href":"https:\/\/georgiaaccessprodbeta.disclosuresai.com\/es\/wp-json\/wp\/v2\/media?parent=7906"}],"curies":[{"name":"wp","href":"https:\/\/api.w.org\/{rel}","templated":true}]}}