{"id":3117,"date":"2023-10-18T12:41:38","date_gmt":"2023-10-18T16:41:38","guid":{"rendered":"https:\/\/georgiaaccess.gov\/inscribete-con-un-agente\/"},"modified":"2025-09-29T01:51:38","modified_gmt":"2025-09-29T05:51:38","slug":"inscribete-con-un-agente-certificado","status":"publish","type":"page","link":"https:\/\/georgiaaccessprodbeta.disclosuresai.com\/es\/explore-las-opciones-de-inscripcion\/inscribete-con-un-agente-certificado\/","title":{"rendered":"Inscr\u00edbase con un agente certificado"},"content":{"rendered":"\n<p>Un agente certificado es un profesional capacitado que tiene licencia y certificaci\u00f3n para vender planes de seguro de salud. Los agentes certificados pueden ayudarlo a navegar por las diferentes opciones de cobertura en l\u00ednea, por tel\u00e9fono o en persona. <\/p>\n\n\n\n<div class=\"wp-block-uagb-buttons uagb-buttons__outer-wrap uagb-btn__default-btn uagb-btn-tablet__default-btn uagb-btn-mobile__default-btn uagb-block-3af96a19\"><div class=\"uagb-buttons__wrap uagb-buttons-layout-wrap \">\n<div class=\"wp-block-uagb-buttons-child uagb-buttons__outer-wrap uagb-block-fcd3c562 wp-block-button secondary-cta-button\"><div class=\"uagb-button__wrapper\"><a class=\"uagb-buttons-repeater wp-block-button__link\" aria-label=\"\" href=\"https:\/\/enroll.georgiaaccess.gov\/hix\/broker\/search\/individual\" rel=\"follow noopener\" target=\"_blank\" role=\"button\"><div class=\"uagb-button__link\">Buscar un agente<\/div><span class=\"uagb-button__icon uagb-button__icon-position-after\"><svg xmlns=\"https:\/\/www.w3.org\/2000\/svg\" viewBox=\"0 0 512 512\" aria-hidden=\"true\" focussable=\"false\"><path d=\"M384 320c-17.67 0-32 14.33-32 32v96H64V160h96c17.67 0 32-14.32 32-32s-14.33-32-32-32L64 96c-35.35 0-64 28.65-64 64V448c0 35.34 28.65 64 64 64h288c35.35 0 64-28.66 64-64v-96C416 334.3 401.7 320 384 320zM488 0H352c-12.94 0-24.62 7.797-29.56 19.75c-4.969 11.97-2.219 25.72 6.938 34.88L370.8 96L169.4 297.4c-12.5 12.5-12.5 32.75 0 45.25C175.6 348.9 183.8 352 192 352s16.38-3.125 22.62-9.375L416 141.3l41.38 41.38c9.156 9.141 22.88 11.84 34.88 6.938C504.2 184.6 512 172.9 512 160V24C512 10.74 501.3 0 488 0z\"><\/path><\/svg><\/span><\/a><\/div><\/div>\n<\/div><\/div>\n\n\n\n<div style=\"height:520px\" aria-hidden=\"true\" class=\"wp-block-spacer\"><\/div>\n\n\n\n<div class=\"wp-block-uagb-container uagb-block-98a7e2ea alignfull uagb-is-root-container\"><div class=\"uagb-container-inner-blocks-wrap\">\n<div class=\"wp-block-uagb-container uagb-block-7078ec9d\">\n<div class=\"wp-block-uagb-image uagb-block-80f58a30 wp-block-uagb-image--layout-default wp-block-uagb-image--effect-static wp-block-uagb-image--align-none\"><figure class=\"wp-block-uagb-image__figure\"><img decoding=\"async\" srcset=\"https:\/\/georgiaaccess.gov\/wp-content\/uploads\/2025\/09\/Enrollment.svg ,https:\/\/georgiaaccess.gov\/wp-content\/uploads\/2025\/09\/Enrollment.svg 780w, https:\/\/georgiaaccess.gov\/wp-content\/uploads\/2025\/09\/Enrollment.svg 360w\" sizes=\"auto, (max-width: 480px) 150px\" src=\"https:\/\/georgiaaccess.gov\/wp-content\/uploads\/2025\/09\/Enrollment.svg\" alt=\"\" class=\"uag-image-6626\" width=\"270\" height=\"271\" title=\"Enrollment\" loading=\"lazy\" role=\"img\"\/><\/figure><\/div>\n<\/div>\n\n\n\n<div class=\"wp-block-uagb-container uagb-block-2e011272\">\n<div class=\"wp-block-uagb-advanced-heading uagb-block-136059fb\"><h2 class=\"uagb-heading-text\">\u00bfNo est\u00e1 seguro de qu\u00e9 opci\u00f3n de inscripci\u00f3n es la adecuada para usted?<\/h2><\/div>\n\n\n\n<p>Responda algunas preguntas breves para ayudar a determinar el mejor m\u00e9todo para comprar e inscribirse en una cobertura de seguro de salud.<\/p>\n\n\n\n<div class=\"wp-block-uagb-buttons uagb-buttons__outer-wrap uagb-btn__default-btn uagb-btn-tablet__default-btn uagb-btn-mobile__default-btn uagb-block-cdbcfb4d\"><div class=\"uagb-buttons__wrap uagb-buttons-layout-wrap \">\n<div class=\"wp-block-uagb-buttons-child uagb-buttons__outer-wrap uagb-block-9b8cf6dd wp-block-button primary-cta-button\"><div class=\"uagb-button__wrapper\"><a class=\"uagb-buttons-repeater wp-block-button__link\" aria-label=\"\" href=\"\/es\/explore-las-opciones-de-inscripcion\/ayudame-a-elegir-como-inscribirme\/\" rel=\"follow noopener\" target=\"_self\" role=\"button\"><div class=\"uagb-button__link\">Ay\u00fadame a elegir c\u00f3mo inscribirme<\/div><\/a><\/div><\/div>\n<\/div><\/div>\n<\/div>\n<\/div><\/div>\n","protected":false},"excerpt":{"rendered":"<p>Un agente certificado es un profesional capacitado que tiene licencia y certificaci\u00f3n para vender planes de seguro de salud. Los agentes certificados pueden ayudarlo a navegar por las diferentes opciones de cobertura en l\u00ednea, por tel\u00e9fono o en persona.<\/p>\n","protected":false},"author":1,"featured_media":0,"parent":8090,"menu_order":0,"comment_status":"closed","ping_status":"closed","template":"sidebar-menu-template.php","meta":{"_acf_changed":false,"inline_featured_image":false,"_uag_custom_page_level_css":"","site-sidebar-layout":"default","site-content-layout":"","ast-site-content-layout":"default","site-content-style":"default","site-sidebar-style":"default","ast-global-header-display":"","ast-banner-title-visibility":"","ast-main-header-display":"","ast-hfb-above-header-display":"","ast-hfb-below-header-display":"","ast-hfb-mobile-header-display":"","site-post-title":"","ast-breadcrumbs-content":"","ast-featured-img":"","footer-sml-layout":"","ast-disable-related-posts":"","theme-transparent-header-meta":"","adv-header-id-meta":"","stick-header-meta":"","header-above-stick-meta":"","header-main-stick-meta":"","header-below-stick-meta":"","astra-migrate-meta-layouts":"set","ast-page-background-enabled":"default","ast-page-background-meta":{"desktop":{"background-color":"var(--ast-global-color-4)","background-image":"","background-repeat":"repeat","background-position":"center center","background-size":"auto","background-attachment":"scroll","background-type":"","background-media":"","overlay-type":"","overlay-color":"","overlay-opacity":"","overlay-gradient":""},"tablet":{"background-color":"","background-image":"","background-repeat":"repeat","background-position":"center center","background-size":"auto","background-attachment":"scroll","background-type":"","background-media":"","overlay-type":"","overlay-color":"","overlay-opacity":"","overlay-gradient":""},"mobile":{"background-color":"","background-image":"","background-repeat":"repeat","background-position":"center center","background-size":"auto","background-attachment":"scroll","background-type":"","background-media":"","overlay-type":"","overlay-color":"","overlay-opacity":"","overlay-gradient":""}},"ast-content-background-meta":{"desktop":{"background-color":"var(--ast-global-color-5)","background-image":"","background-repeat":"repeat","background-position":"center center","background-size":"auto","background-attachment":"scroll","background-type":"","background-media":"","overlay-type":"","overlay-color":"","overlay-opacity":"","overlay-gradient":""},"tablet":{"background-color":"var(--ast-global-color-5)","background-image":"","background-repeat":"repeat","background-position":"center center","background-size":"auto","background-attachment":"scroll","background-type":"","background-media":"","overlay-type":"","overlay-color":"","overlay-opacity":"","overlay-gradient":""},"mobile":{"background-color":"var(--ast-global-color-5)","background-image":"","background-repeat":"repeat","background-position":"center center","background-size":"auto","background-attachment":"scroll","background-type":"","background-media":"","overlay-type":"","overlay-color":"","overlay-opacity":"","overlay-gradient":""}},"footnotes":""},"class_list":["post-3117","page","type-page","status-publish","hentry"],"acf":[],"yoast_head":"<!-- This site is optimized with the Yoast SEO plugin v26.8 - https:\/\/yoast.com\/product\/yoast-seo-wordpress\/ -->\n<title>Inscr\u00edbete con un agente | Acceso a Georgia<\/title>\n<meta name=\"description\" content=\"Trabaje con un agente corredor que tenga licencia y est\u00e9 capacitado para vender planes de seguro m\u00e9dico. Pueden ayudarlo a explorar las opciones de cobertura en l\u00ednea, por tel\u00e9fono o en persona.\" \/>\n<meta name=\"robots\" content=\"index, follow, max-snippet:-1, max-image-preview:large, max-video-preview:-1\" \/>\n<link rel=\"canonical\" href=\"https:\/\/georgiaaccessprodbeta.disclosuresai.com\/es\/explore-las-opciones-de-inscripcion\/inscribete-con-un-agente-certificado\/\" \/>\n<meta property=\"og:locale\" content=\"es_ES\" \/>\n<meta property=\"og:type\" content=\"article\" \/>\n<meta property=\"og:title\" content=\"Inscr\u00edbete con un agente | Acceso a Georgia\" \/>\n<meta property=\"og:description\" content=\"Trabaje con un agente corredor que tenga licencia y est\u00e9 capacitado para vender planes de seguro m\u00e9dico. Pueden ayudarlo a explorar las opciones de cobertura en l\u00ednea, por tel\u00e9fono o en persona.\" \/>\n<meta property=\"og:url\" content=\"https:\/\/georgiaaccessprodbeta.disclosuresai.com\/es\/explore-las-opciones-de-inscripcion\/inscribete-con-un-agente-certificado\/\" \/>\n<meta property=\"og:site_name\" content=\"Georgia Access\" \/>\n<meta property=\"article:modified_time\" content=\"2025-09-29T05:51:38+00:00\" \/>\n<meta name=\"twitter:card\" content=\"summary_large_image\" \/>\n<meta name=\"twitter:label1\" content=\"Tiempo de lectura\" \/>\n\t<meta name=\"twitter:data1\" content=\"1 minuto\" \/>\n<script type=\"application\/ld+json\" class=\"yoast-schema-graph\">{\"@context\":\"https:\/\/schema.org\",\"@graph\":[{\"@type\":\"WebPage\",\"@id\":\"https:\/\/georgiaaccessprodbeta.disclosuresai.com\/es\/explore-las-opciones-de-inscripcion\/inscribete-con-un-agente-certificado\/\",\"url\":\"https:\/\/georgiaaccessprodbeta.disclosuresai.com\/es\/explore-las-opciones-de-inscripcion\/inscribete-con-un-agente-certificado\/\",\"name\":\"Inscr\u00edbete con un agente | Acceso a Georgia\",\"isPartOf\":{\"@id\":\"https:\/\/georgiaaccess.gov\/#website\"},\"datePublished\":\"2023-10-18T16:41:38+00:00\",\"dateModified\":\"2025-09-29T05:51:38+00:00\",\"description\":\"Trabaje con un agente corredor que tenga licencia y est\u00e9 capacitado para vender planes de seguro m\u00e9dico. Pueden ayudarlo a explorar las opciones de cobertura en l\u00ednea, por tel\u00e9fono o en persona.\",\"breadcrumb\":{\"@id\":\"https:\/\/georgiaaccessprodbeta.disclosuresai.com\/es\/explore-las-opciones-de-inscripcion\/inscribete-con-un-agente-certificado\/#breadcrumb\"},\"inLanguage\":\"es\",\"potentialAction\":[{\"@type\":\"ReadAction\",\"target\":[\"https:\/\/georgiaaccessprodbeta.disclosuresai.com\/es\/explore-las-opciones-de-inscripcion\/inscribete-con-un-agente-certificado\/\"]}]},{\"@type\":\"BreadcrumbList\",\"@id\":\"https:\/\/georgiaaccessprodbeta.disclosuresai.com\/es\/explore-las-opciones-de-inscripcion\/inscribete-con-un-agente-certificado\/#breadcrumb\",\"itemListElement\":[{\"@type\":\"ListItem\",\"position\":1,\"name\":\"Home\",\"item\":\"https:\/\/georgiaaccess.gov\/es\/\"},{\"@type\":\"ListItem\",\"position\":2,\"name\":\"Explore las opciones de inscripci\u00f3n\",\"item\":\"https:\/\/georgiaaccess.gov\/es\/explore-las-opciones-de-inscripcion\/\"},{\"@type\":\"ListItem\",\"position\":3,\"name\":\"Inscr\u00edbase con un agente certificado\"}]},{\"@type\":\"WebSite\",\"@id\":\"https:\/\/georgiaaccess.gov\/#website\",\"url\":\"https:\/\/georgiaaccess.gov\/\",\"name\":\"Georgia Access\",\"description\":\"\",\"publisher\":{\"@id\":\"https:\/\/georgiaaccess.gov\/#organization\"},\"potentialAction\":[{\"@type\":\"SearchAction\",\"target\":{\"@type\":\"EntryPoint\",\"urlTemplate\":\"https:\/\/georgiaaccess.gov\/?s={search_term_string}\"},\"query-input\":{\"@type\":\"PropertyValueSpecification\",\"valueRequired\":true,\"valueName\":\"search_term_string\"}}],\"inLanguage\":\"es\"},{\"@type\":\"Organization\",\"@id\":\"https:\/\/georgiaaccess.gov\/#organization\",\"name\":\"Georgia Access\",\"url\":\"https:\/\/georgiaaccess.gov\/\",\"logo\":{\"@type\":\"ImageObject\",\"inLanguage\":\"es\",\"@id\":\"https:\/\/georgiaaccess.gov\/#\/schema\/logo\/image\/\",\"url\":\"https:\/\/georgiaaccessprodbeta.disclosuresai.com\/wp-content\/uploads\/2022\/10\/georgia-access-logo-stacked.svg\",\"contentUrl\":\"https:\/\/georgiaaccessprodbeta.disclosuresai.com\/wp-content\/uploads\/2022\/10\/georgia-access-logo-stacked.svg\",\"width\":180,\"height\":56,\"caption\":\"Georgia Access\"},\"image\":{\"@id\":\"https:\/\/georgiaaccess.gov\/#\/schema\/logo\/image\/\"}}]}<\/script>\n<!-- \/ Yoast SEO plugin. -->","yoast_head_json":{"title":"Inscr\u00edbete con un agente | Acceso a Georgia","description":"Trabaje con un agente corredor que tenga licencia y est\u00e9 capacitado para vender planes de seguro m\u00e9dico. Pueden ayudarlo a explorar las opciones de cobertura en l\u00ednea, por tel\u00e9fono o en persona.","robots":{"index":"index","follow":"follow","max-snippet":"max-snippet:-1","max-image-preview":"max-image-preview:large","max-video-preview":"max-video-preview:-1"},"canonical":"https:\/\/georgiaaccessprodbeta.disclosuresai.com\/es\/explore-las-opciones-de-inscripcion\/inscribete-con-un-agente-certificado\/","og_locale":"es_ES","og_type":"article","og_title":"Inscr\u00edbete con un agente | Acceso a Georgia","og_description":"Trabaje con un agente corredor que tenga licencia y est\u00e9 capacitado para vender planes de seguro m\u00e9dico. Pueden ayudarlo a explorar las opciones de cobertura en l\u00ednea, por tel\u00e9fono o en persona.","og_url":"https:\/\/georgiaaccessprodbeta.disclosuresai.com\/es\/explore-las-opciones-de-inscripcion\/inscribete-con-un-agente-certificado\/","og_site_name":"Georgia Access","article_modified_time":"2025-09-29T05:51:38+00:00","twitter_card":"summary_large_image","twitter_misc":{"Tiempo de lectura":"1 minuto"},"schema":{"@context":"https:\/\/schema.org","@graph":[{"@type":"WebPage","@id":"https:\/\/georgiaaccessprodbeta.disclosuresai.com\/es\/explore-las-opciones-de-inscripcion\/inscribete-con-un-agente-certificado\/","url":"https:\/\/georgiaaccessprodbeta.disclosuresai.com\/es\/explore-las-opciones-de-inscripcion\/inscribete-con-un-agente-certificado\/","name":"Inscr\u00edbete con un agente | Acceso a Georgia","isPartOf":{"@id":"https:\/\/georgiaaccess.gov\/#website"},"datePublished":"2023-10-18T16:41:38+00:00","dateModified":"2025-09-29T05:51:38+00:00","description":"Trabaje con un agente corredor que tenga licencia y est\u00e9 capacitado para vender planes de seguro m\u00e9dico. Pueden ayudarlo a explorar las opciones de cobertura en l\u00ednea, por tel\u00e9fono o en persona.","breadcrumb":{"@id":"https:\/\/georgiaaccessprodbeta.disclosuresai.com\/es\/explore-las-opciones-de-inscripcion\/inscribete-con-un-agente-certificado\/#breadcrumb"},"inLanguage":"es","potentialAction":[{"@type":"ReadAction","target":["https:\/\/georgiaaccessprodbeta.disclosuresai.com\/es\/explore-las-opciones-de-inscripcion\/inscribete-con-un-agente-certificado\/"]}]},{"@type":"BreadcrumbList","@id":"https:\/\/georgiaaccessprodbeta.disclosuresai.com\/es\/explore-las-opciones-de-inscripcion\/inscribete-con-un-agente-certificado\/#breadcrumb","itemListElement":[{"@type":"ListItem","position":1,"name":"Home","item":"https:\/\/georgiaaccess.gov\/es\/"},{"@type":"ListItem","position":2,"name":"Explore las opciones de inscripci\u00f3n","item":"https:\/\/georgiaaccess.gov\/es\/explore-las-opciones-de-inscripcion\/"},{"@type":"ListItem","position":3,"name":"Inscr\u00edbase con un agente certificado"}]},{"@type":"WebSite","@id":"https:\/\/georgiaaccess.gov\/#website","url":"https:\/\/georgiaaccess.gov\/","name":"Georgia Access","description":"","publisher":{"@id":"https:\/\/georgiaaccess.gov\/#organization"},"potentialAction":[{"@type":"SearchAction","target":{"@type":"EntryPoint","urlTemplate":"https:\/\/georgiaaccess.gov\/?s={search_term_string}"},"query-input":{"@type":"PropertyValueSpecification","valueRequired":true,"valueName":"search_term_string"}}],"inLanguage":"es"},{"@type":"Organization","@id":"https:\/\/georgiaaccess.gov\/#organization","name":"Georgia Access","url":"https:\/\/georgiaaccess.gov\/","logo":{"@type":"ImageObject","inLanguage":"es","@id":"https:\/\/georgiaaccess.gov\/#\/schema\/logo\/image\/","url":"https:\/\/georgiaaccessprodbeta.disclosuresai.com\/wp-content\/uploads\/2022\/10\/georgia-access-logo-stacked.svg","contentUrl":"https:\/\/georgiaaccessprodbeta.disclosuresai.com\/wp-content\/uploads\/2022\/10\/georgia-access-logo-stacked.svg","width":180,"height":56,"caption":"Georgia Access"},"image":{"@id":"https:\/\/georgiaaccess.gov\/#\/schema\/logo\/image\/"}}]}},"uagb_featured_image_src":{"full":false,"thumbnail":false,"medium":false,"medium_large":false,"large":false,"1536x1536":false,"2048x2048":false},"uagb_author_info":{"display_name":"notadmin","author_link":"https:\/\/georgiaaccessprodbeta.disclosuresai.com\/es\/author\/notadmin\/"},"uagb_comment_info":0,"uagb_excerpt":"Un agente certificado es un profesional capacitado que tiene licencia y certificaci\u00f3n para vender planes de seguro de salud. Los agentes certificados pueden ayudarlo a navegar por las diferentes opciones de cobertura en l\u00ednea, por tel\u00e9fono o en persona.","_links":{"self":[{"href":"https:\/\/georgiaaccessprodbeta.disclosuresai.com\/es\/wp-json\/wp\/v2\/pages\/3117","targetHints":{"allow":["GET"]}}],"collection":[{"href":"https:\/\/georgiaaccessprodbeta.disclosuresai.com\/es\/wp-json\/wp\/v2\/pages"}],"about":[{"href":"https:\/\/georgiaaccessprodbeta.disclosuresai.com\/es\/wp-json\/wp\/v2\/types\/page"}],"author":[{"embeddable":true,"href":"https:\/\/georgiaaccessprodbeta.disclosuresai.com\/es\/wp-json\/wp\/v2\/users\/1"}],"replies":[{"embeddable":true,"href":"https:\/\/georgiaaccessprodbeta.disclosuresai.com\/es\/wp-json\/wp\/v2\/comments?post=3117"}],"version-history":[{"count":12,"href":"https:\/\/georgiaaccessprodbeta.disclosuresai.com\/es\/wp-json\/wp\/v2\/pages\/3117\/revisions"}],"predecessor-version":[{"id":8532,"href":"https:\/\/georgiaaccessprodbeta.disclosuresai.com\/es\/wp-json\/wp\/v2\/pages\/3117\/revisions\/8532"}],"up":[{"embeddable":true,"href":"https:\/\/georgiaaccessprodbeta.disclosuresai.com\/es\/wp-json\/wp\/v2\/pages\/8090"}],"wp:attachment":[{"href":"https:\/\/georgiaaccessprodbeta.disclosuresai.com\/es\/wp-json\/wp\/v2\/media?parent=3117"}],"curies":[{"name":"wp","href":"https:\/\/api.w.org\/{rel}","templated":true}]}}